{"id":991,"date":"2026-05-05T12:41:24","date_gmt":"2026-05-05T10:41:24","guid":{"rendered":"https:\/\/sohya.art\/?post_type=product&#038;p=991"},"modified":"2026-05-05T12:41:24","modified_gmt":"2026-05-05T10:41:24","slug":"szafir","status":"publish","type":"product","link":"https:\/\/sohya.art\/index.php\/produkt\/szafir\/","title":{"rendered":"SZAFIR"},"content":{"rendered":"","protected":false},"excerpt":{"rendered":"<section class=\"text-token-text-primary w-full focus:outline-none [--shadow-height:45px] has-data-writing-block:pointer-events-none has-data-writing-block:-mt-(--shadow-height) has-data-writing-block:pt-(--shadow-height) [&amp;:has([data-writing-block])&gt;*]:pointer-events-auto R6Vx5W_threadScrollVars scroll-mb-[calc(var(--scroll-root-safe-area-inset-bottom,0px)+var(--thread-response-height))] scroll-mt-(--header-height)\" dir=\"auto\" data-turn-id=\"ee627ffb-b915-4364-951e-00c6a593994b\" data-testid=\"conversation-turn-1\" data-scroll-anchor=\"false\" data-turn=\"user\">\n<div class=\"text-base my-auto mx-auto pt-3 [--thread-content-margin:var(--thread-content-margin-xs,calc(var(--spacing)*4))] @w-sm\/main:[--thread-content-margin:var(--thread-content-margin-sm,calc(var(--spacing)*6))] @w-lg\/main:[--thread-content-margin:var(--thread-content-margin-lg,calc(var(--spacing)*16))] px-(--thread-content-margin)\">\n<div class=\"[--thread-content-max-width:40rem] @w-lg\/main:[--thread-content-max-width:48rem] mx-auto max-w-(--thread-content-max-width) flex-1 group\/turn-messages focus-visible:outline-hidden relative flex w-full min-w-0 flex-col\">\n<div class=\"flex max-w-full flex-col gap-4 grow\">\n<div class=\"min-h-8 text-message relative flex w-full flex-col items-end gap-2 text-start break-words whitespace-normal outline-none keyboard-focused:focus-ring [.text-message+&amp;]:mt-1\" dir=\"auto\" data-message-author-role=\"user\" data-message-id=\"ee627ffb-b915-4364-951e-00c6a593994b\">\n<div class=\"flex w-full flex-col gap-1 empty:hidden items-end rtl:items-start\">\n<div class=\"user-message-bubble-color corner-superellipse\/0.98 relative min-w-0 overflow-hidden rounded-[22px] px-4 py-2.5 leading-6 max-w-(--user-chat-width,70%)\">\n<div class=\"max-w-full min-w-0 [overflow-wrap:anywhere] whitespace-pre-wrap\"><strong data-start=\"157\" data-end=\"214\">Podw\u00f3jny naszyjnik z naturalnych pere\u0142 s\u0142odkowodnych i szafiru<\/strong><\/div>\n<\/div>\n<\/div>\n<\/div>\n<\/div>\n<\/div>\n<\/div>\n<\/section>\n<section class=\"text-token-text-primary w-full focus:outline-none [--shadow-height:45px] has-data-writing-block:pointer-events-none has-data-writing-block:-mt-(--shadow-height) has-data-writing-block:pt-(--shadow-height) [&amp;:has([data-writing-block])&gt;*]:pointer-events-auto [content-visibility:auto] supports-[content-visibility:auto]:[contain-intrinsic-size:auto_100lvh] R6Vx5W_threadScrollVars scroll-mb-[calc(var(--scroll-root-safe-area-inset-bottom,0px)+var(--thread-response-height))] scroll-mt-[calc(var(--header-height)+min(200px,max(70px,20svh)))]\" dir=\"auto\" data-turn-id=\"request-69f9c3d4-73b8-832a-b5d9-90fc184d7a42-0\" data-testid=\"conversation-turn-14\" data-scroll-anchor=\"false\" data-turn=\"assistant\">\n<div class=\"text-base my-auto mx-auto [--thread-content-margin:var(--thread-content-margin-xs,calc(var(--spacing)*4))] @w-sm\/main:[--thread-content-margin:var(--thread-content-margin-sm,calc(var(--spacing)*6))] @w-lg\/main:[--thread-content-margin:var(--thread-content-margin-lg,calc(var(--spacing)*16))] px-(--thread-content-margin)\">\n<div class=\"[--thread-content-max-width:40rem] @w-lg\/main:[--thread-content-max-width:48rem] mx-auto max-w-(--thread-content-max-width) flex-1 group\/turn-messages focus-visible:outline-hidden relative flex w-full min-w-0 flex-col agent-turn\">\n<div class=\"flex max-w-full flex-col gap-4 grow\">\n<div class=\"min-h-8 text-message relative flex w-full flex-col items-end gap-2 text-start break-words whitespace-normal outline-none keyboard-focused:focus-ring [.text-message+&amp;]:mt-1\" dir=\"auto\" data-message-author-role=\"assistant\" data-message-id=\"fa464f78-6ca2-4f75-affa-d04274ac267a\" data-message-model-slug=\"gpt-5-3-mini\">\n<div class=\"flex w-full flex-col gap-1 empty:hidden\">\n<div class=\"markdown prose dark:prose-invert w-full wrap-break-word light markdown-new-styling\">\n<p data-start=\"216\" data-end=\"478\">Elegancki, r\u0119cznie wykonany naszyjnik o warstwowym uk\u0142adzie, w kt\u00f3rym delikatne per\u0142y s\u0142odkowodne subtelnie uk\u0142adaj\u0105 si\u0119 na obojczyku podkre\u015blaj\u0105c go, druga linia zdobi \u015brodek dekoltu. Ca\u0142o\u015b\u0107 dope\u0142niaj\u0105 naturalne kamienie szafiru, tworz\u0105c harmonijn\u0105 i ponadczasow\u0105 kompozycj\u0119.<\/p>\n<p data-start=\"480\" data-end=\"769\"><strong data-start=\"480\" data-end=\"501\">Per\u0142y s\u0142odkowodne<\/strong>\u00a0powstaj\u0105 w naturalnym procesie w ma\u0142\u017cach, dzi\u0119ki czemu ka\u017cda z nich ma niepowtarzalny kszta\u0142t i subtelny, jedwabisty po\u0142ysk. Od wiek\u00f3w symbolizuj\u0105 czysto\u015b\u0107, kobieco\u015b\u0107 i elegancj\u0119. Ich delikatne \u015bwiat\u0142o pi\u0119knie odbija si\u0119 na sk\u00f3rze, dodaj\u0105c bi\u017cuterii lekko\u015bci i klasy.<\/p>\n<p data-start=\"771\" data-end=\"1076\"><strong data-start=\"771\" data-end=\"781\">Szafir<\/strong>\u00a0to jeden z najbardziej cenionych kamieni szlachetnych, znany ze swojej g\u0142\u0119bokiej, niebieskiej barwy. Symbolizuje m\u0105dro\u015b\u0107, prawd\u0119 i lojalno\u015b\u0107, a tak\u017ce spok\u00f3j i wewn\u0119trzn\u0105 harmoni\u0119. W naturalnej formie ka\u017cdy szafir mo\u017ce r\u00f3\u017cni\u0107 si\u0119 odcieniem i przejrzysto\u015bci\u0105, co czyni ka\u017cdy naszyjnik unikatowym.<\/p>\n<p data-start=\"1078\" data-end=\"1279\">Warstwowa konstrukcja naszyjnika nadaje mu nowoczesnego charakteru, jednocze\u015bnie zachowuj\u0105c klasyczn\u0105 elegancj\u0119. To bi\u017cuteria idealna zar\u00f3wno na wyj\u0105tkowe okazje, jak i jako subtelny, codzienny akcent.<\/p>\n<\/div>\n<\/div>\n<\/div>\n<\/div>\n<\/div>\n<\/div>\n<\/section>\n","protected":false},"featured_media":993,"comment_status":"closed","ping_status":"closed","template":"","meta":[],"product_brand":[],"product_cat":[22],"product_tag":[42,65,137,138],"class_list":{"0":"post-991","1":"product","2":"type-product","3":"status-publish","4":"has-post-thumbnail","6":"product_cat-naszyjniki","7":"product_tag-kamienie-naturalne","8":"product_tag-kobiecosc","9":"product_tag-perly","10":"product_tag-szafir","12":"first","13":"instock","14":"shipping-taxable","15":"purchasable","16":"product-type-simple"},"_links":{"self":[{"href":"https:\/\/sohya.art\/index.php\/wp-json\/wp\/v2\/product\/991","targetHints":{"allow":["GET"]}}],"collection":[{"href":"https:\/\/sohya.art\/index.php\/wp-json\/wp\/v2\/product"}],"about":[{"href":"https:\/\/sohya.art\/index.php\/wp-json\/wp\/v2\/types\/product"}],"replies":[{"embeddable":true,"href":"https:\/\/sohya.art\/index.php\/wp-json\/wp\/v2\/comments?post=991"}],"wp:featuredmedia":[{"embeddable":true,"href":"https:\/\/sohya.art\/index.php\/wp-json\/wp\/v2\/media\/993"}],"wp:attachment":[{"href":"https:\/\/sohya.art\/index.php\/wp-json\/wp\/v2\/media?parent=991"}],"wp:term":[{"taxonomy":"product_brand","embeddable":true,"href":"https:\/\/sohya.art\/index.php\/wp-json\/wp\/v2\/product_brand?post=991"},{"taxonomy":"product_cat","embeddable":true,"href":"https:\/\/sohya.art\/index.php\/wp-json\/wp\/v2\/product_cat?post=991"},{"taxonomy":"product_tag","embeddable":true,"href":"https:\/\/sohya.art\/index.php\/wp-json\/wp\/v2\/product_tag?post=991"}],"curies":[{"name":"wp","href":"https:\/\/api.w.org\/{rel}","templated":true}]}}