{"id":980,"date":"2026-04-30T17:47:58","date_gmt":"2026-04-30T15:47:58","guid":{"rendered":"https:\/\/sohya.art\/?post_type=product&#038;p=980"},"modified":"2026-04-30T17:47:59","modified_gmt":"2026-04-30T15:47:59","slug":"laguna","status":"publish","type":"product","link":"https:\/\/sohya.art\/index.php\/produkt\/laguna\/","title":{"rendered":"LAGUNA"},"content":{"rendered":"","protected":false},"excerpt":{"rendered":"<p>Podw\u00f3jny naszyjnik LAGUNA\u00a0 to wyj\u0105tkowa bi\u017cuteria stworzona ze szklanych bia\u0142ych koralik\u00f3w naturalnych kamieni \u2013 apatytu i amazonitu, kt\u00f3re zachwycaj\u0105 subtelnymi odcieniami b\u0142\u0119kitu, turkusuprzywodz\u0105 na my\u015bl krystalicznie czyst\u0105 wod\u0119, letnie niebo i spokojne chwile nad morzem. To bi\u017cuteria stworzona z my\u015bl\u0105 o kobietach kochaj\u0105cych naturalne pi\u0119kno oraz subteln\u0105 elegancj\u0119.&#x1f30a;&#x2600;&#xfe0f;<\/p>\n<p>&nbsp;<\/p>\n<p>Apatyt to kamie\u0144 inspiracji, motywacji i wewn\u0119trznej si\u0142y. Jego g\u0142\u0119boki niebieski kolor kojarzy si\u0119 z wod\u0105, \u015bwie\u017co\u015bci\u0105 oraz spokojem umys\u0142u. Uwa\u017ca si\u0119, \u017ce wspiera kreatywno\u015b\u0107 i pomaga wyra\u017ca\u0107 siebie.<\/p>\n<p>&nbsp;<\/p>\n<p>Amazonit nazywany jest kamieniem harmonii i ukojenia. Jego delikatna, morska barwa wnosi poczucie r\u00f3wnowagi, spokoju oraz pozytywnej energii. To kamie\u0144, kt\u00f3ry symbolizuje odwag\u0119, szczero\u015b\u0107 i dobre samopoczucie.<\/p>\n<p>To idealny dodatek na wakacje, kt\u00f3ry pi\u0119knie komponuje si\u0119 z opalon\u0105 sk\u00f3r\u0105 i letnim stylem. Jego morska kolorystyka przywo\u0142uje klimat egzotycznych podr\u00f3\u017cy, s\u0142o\u0144ca i beztroskich dni sp\u0119dzonych nad wod\u0105. Sprawdzi si\u0119 zar\u00f3wno podczas spacer\u00f3w po nadmorskim deptaku, jak i podczas letnich wieczor\u00f3w.<\/p>\n","protected":false},"featured_media":959,"comment_status":"closed","ping_status":"closed","template":"","meta":[],"product_brand":[],"product_cat":[22],"product_tag":[84,89,94,110,136,108],"class_list":{"0":"post-980","1":"product","2":"type-product","3":"status-publish","4":"has-post-thumbnail","6":"product_cat-naszyjniki","7":"product_tag-amazonit","8":"product_tag-apatyt","9":"product_tag-biel","10":"product_tag-lato","11":"product_tag-podwojny-naszyjnik","12":"product_tag-wakacje","14":"first","15":"instock","16":"shipping-taxable","17":"purchasable","18":"product-type-simple"},"_links":{"self":[{"href":"https:\/\/sohya.art\/index.php\/wp-json\/wp\/v2\/product\/980","targetHints":{"allow":["GET"]}}],"collection":[{"href":"https:\/\/sohya.art\/index.php\/wp-json\/wp\/v2\/product"}],"about":[{"href":"https:\/\/sohya.art\/index.php\/wp-json\/wp\/v2\/types\/product"}],"replies":[{"embeddable":true,"href":"https:\/\/sohya.art\/index.php\/wp-json\/wp\/v2\/comments?post=980"}],"wp:featuredmedia":[{"embeddable":true,"href":"https:\/\/sohya.art\/index.php\/wp-json\/wp\/v2\/media\/959"}],"wp:attachment":[{"href":"https:\/\/sohya.art\/index.php\/wp-json\/wp\/v2\/media?parent=980"}],"wp:term":[{"taxonomy":"product_brand","embeddable":true,"href":"https:\/\/sohya.art\/index.php\/wp-json\/wp\/v2\/product_brand?post=980"},{"taxonomy":"product_cat","embeddable":true,"href":"https:\/\/sohya.art\/index.php\/wp-json\/wp\/v2\/product_cat?post=980"},{"taxonomy":"product_tag","embeddable":true,"href":"https:\/\/sohya.art\/index.php\/wp-json\/wp\/v2\/product_tag?post=980"}],"curies":[{"name":"wp","href":"https:\/\/api.w.org\/{rel}","templated":true}]}}