{"id":952,"date":"2026-04-13T11:17:58","date_gmt":"2026-04-13T09:17:58","guid":{"rendered":"https:\/\/sohya.art\/?post_type=product&#038;p=952"},"modified":"2026-04-13T11:17:59","modified_gmt":"2026-04-13T09:17:59","slug":"boho-mieta","status":"publish","type":"product","link":"https:\/\/sohya.art\/index.php\/produkt\/boho-mieta\/","title":{"rendered":"BOHO MI\u0118TA"},"content":{"rendered":"","protected":false},"excerpt":{"rendered":"<p>&#x1f33f;&#x2728; **Boho vibes only** &#x2728;&#x1f33f;<\/p>\n<p>Delikatny podw\u00f3jny naszyjnik z naturalnym amazonitem w odcieniu mi\u0119ty\u00a0 &#x2728;<br \/>\nSzklane koraliki w odcieniu ciep\u0142ego br\u0105zu wraz ze z\u0142otymi akcentami<\/p>\n<p>Kamie\u0144 harmonii, spokoju i kobiecej energii &#x1f319;<\/p>\n<p>Lekki, subtelny, idealny do letnich stylizacji, lnianych sukienek i codziennych rytua\u0142\u00f3w &#x1f4ab;<\/p>\n<p>No\u015b go blisko serca i przypominaj sobie o r\u00f3wnowadze &#x1f33f;<\/p>\n<p><em>&#x2665; Bi\u017cuteria kt\u00f3r\u0105 tworze jest robiona r\u0119cznie z uwag\u0105, ogromn\u0105 staranno\u015bci\u0105, delikatno\u015bci\u0105 i uwa\u017cno\u015bci\u0105. Jest wyj\u0105tkowa i unikalna mo\u017ce si\u0119 od siebie minimalnie r\u00f3\u017cni\u0107.<\/em><br \/>\n<em>&#x2665; Ka\u017cdy kamie\u0144 naturalny jest inny, tak jak ka\u017cdy cz\u0142owiek jest inny ,stworzony przez natur\u0119.<br \/>\n&#x2665;\u00a0 Je\u017celi marzy Ci si\u0119 bi\u017cuteria na zam\u00f3wienie, napisz do mnie jakie kolory, jakie kamienie s\u0105 Twoje ulubione a ja ch\u0119tnie stworz\u0119 dla Ciebie wyj\u0105tkow\u0105 ,indywidualn\u0105 i dopasowane do twoich potrzeb bi\u017cuteri\u0119.\u00a0<\/em><br \/>\n<em>&#x2665; W zestawie bi\u017cuteria jest taniej, przy\u00a0 zam\u00f3wieniu naszyjnika, podw\u00f3jna bransoletka -15 z\u0142\u00a0<\/em>\u00a0<em>(u\u017cyj kodu BRANSOLETKA15)<\/em><br \/>\n<em>&#x2665;\u00a0Darmowa przesy\u0142ka od 190 z\u0142.<\/em><\/p>\n","protected":false},"featured_media":954,"comment_status":"closed","ping_status":"closed","template":"","meta":[],"product_brand":[],"product_cat":[22],"product_tag":[84,96,83,65,110,45,90,135],"class_list":{"0":"post-952","1":"product","2":"type-product","3":"status-publish","4":"has-post-thumbnail","6":"product_cat-naszyjniki","7":"product_tag-amazonit","8":"product_tag-boho","9":"product_tag-braz","10":"product_tag-kobiecosc","11":"product_tag-lato","12":"product_tag-naszyjnik","13":"product_tag-plaza","14":"product_tag-wakacj","16":"first","17":"instock","18":"shipping-taxable","19":"purchasable","20":"product-type-simple"},"_links":{"self":[{"href":"https:\/\/sohya.art\/index.php\/wp-json\/wp\/v2\/product\/952","targetHints":{"allow":["GET"]}}],"collection":[{"href":"https:\/\/sohya.art\/index.php\/wp-json\/wp\/v2\/product"}],"about":[{"href":"https:\/\/sohya.art\/index.php\/wp-json\/wp\/v2\/types\/product"}],"replies":[{"embeddable":true,"href":"https:\/\/sohya.art\/index.php\/wp-json\/wp\/v2\/comments?post=952"}],"wp:featuredmedia":[{"embeddable":true,"href":"https:\/\/sohya.art\/index.php\/wp-json\/wp\/v2\/media\/954"}],"wp:attachment":[{"href":"https:\/\/sohya.art\/index.php\/wp-json\/wp\/v2\/media?parent=952"}],"wp:term":[{"taxonomy":"product_brand","embeddable":true,"href":"https:\/\/sohya.art\/index.php\/wp-json\/wp\/v2\/product_brand?post=952"},{"taxonomy":"product_cat","embeddable":true,"href":"https:\/\/sohya.art\/index.php\/wp-json\/wp\/v2\/product_cat?post=952"},{"taxonomy":"product_tag","embeddable":true,"href":"https:\/\/sohya.art\/index.php\/wp-json\/wp\/v2\/product_tag?post=952"}],"curies":[{"name":"wp","href":"https:\/\/api.w.org\/{rel}","templated":true}]}}