{"id":939,"date":"2026-03-26T11:16:38","date_gmt":"2026-03-26T10:16:38","guid":{"rendered":"https:\/\/sohya.art\/?post_type=product&#038;p=939"},"modified":"2026-03-26T11:16:39","modified_gmt":"2026-03-26T10:16:39","slug":"tygrysie-serce","status":"publish","type":"product","link":"https:\/\/sohya.art\/index.php\/produkt\/tygrysie-serce\/","title":{"rendered":"TYGRYSIE SERCE"},"content":{"rendered":"","protected":false},"excerpt":{"rendered":"<p data-start=\"58\" data-end=\"317\">Podw\u00f3jny naszyjnik wykonany ze szklanych koralik\u00f3w oraz naturalnych kamieni tygrysiego oka, uzupe\u0142niony centralnym sercem z kamienia. Ciep\u0142e, ziemiste odcienie tworz\u0105 harmonijn\u0105 kompozycj\u0119, kt\u00f3ra emanuje spokojem i naturaln\u0105 elegancj\u0105.<\/p>\n<p data-start=\"319\" data-end=\"439\" data-is-last-node=\"\" data-is-only-node=\"\">To wyj\u0105tkowa bi\u017cuteria, kt\u00f3ra nie tylko podkre\u015bla styl, ale mo\u017ce r\u00f3wnie\u017c pe\u0142ni\u0107 rol\u0119 subtelnego talizmanu na co dzie\u0144. &#x2728;<br \/>\n<img decoding=\"async\" class=\"emoji\" role=\"img\" draggable=\"false\" src=\"https:\/\/s.w.org\/images\/core\/emoji\/17.0.2\/svg\/1f90e.svg\" alt=\"&#x1f90e;\" \/>Tygrysie oko kryszta\u0142 ten daje energi\u0119 do sprostania wa\u017cnym zadaniom \u017cyciowym, nape\u0142nia optymizmem i wewn\u0119trzn\u0105 dyscyplin\u0105. Daje jasno\u015b\u0107 w kwestii jak praktycznie dzia\u0142a\u0107 by osi\u0105gn\u0105\u0107 cel.<\/p>\n<p><em>&#x2665; Bi\u017cuteria kt\u00f3r\u0105 tworze jest robiona r\u0119cznie z uwag\u0105, ogromn\u0105 staranno\u015bci\u0105, delikatno\u015bci\u0105 i uwa\u017cno\u015bci\u0105. Jest wyj\u0105tkowa i unikalna mo\u017ce si\u0119 od siebie minimalnie r\u00f3\u017cni\u0107.<\/em><br \/>\n<em>&#x2665; Ka\u017cdy kamie\u0144 naturalny jest inny, tak jak ka\u017cdy cz\u0142owiek jest inny ,stworzony przez natur\u0119.<br \/>\n&#x2665;\u00a0 Je\u017celi marzy Ci si\u0119 bi\u017cuteria na zam\u00f3wienie, napisz do mnie jakie kolory, jakie kamienie s\u0105 Twoje ulubione a ja ch\u0119tnie stworz\u0119 dla Ciebie wyj\u0105tkow\u0105 ,indywidualn\u0105 i dopasowane do twoich potrzeb bi\u017cuteri\u0119.\u00a0<\/em><br \/>\n<em>&#x2665; W zestawie bi\u017cuteria jest taniej, przy\u00a0 zam\u00f3wieniu naszyjnika, podw\u00f3jna bransoletka -15 z\u0142\u00a0<\/em>\u00a0<em>(u\u017cyj kodu BRANSOLETKA15)<\/em><br \/>\n<em>&#x2665;\u00a0Darmowa przesy\u0142ka od 190 z\u0142.<\/em><\/p>\n","protected":false},"featured_media":947,"comment_status":"closed","ping_status":"closed","template":"","meta":[],"product_brand":[],"product_cat":[22],"product_tag":[83,65,110,45,63,62],"class_list":{"0":"post-939","1":"product","2":"type-product","3":"status-publish","4":"has-post-thumbnail","6":"product_cat-naszyjniki","7":"product_tag-braz","8":"product_tag-kobiecosc","9":"product_tag-lato","10":"product_tag-naszyjnik","11":"product_tag-serce","12":"product_tag-tygrysie-oko","14":"first","15":"instock","16":"shipping-taxable","17":"purchasable","18":"product-type-simple"},"_links":{"self":[{"href":"https:\/\/sohya.art\/index.php\/wp-json\/wp\/v2\/product\/939","targetHints":{"allow":["GET"]}}],"collection":[{"href":"https:\/\/sohya.art\/index.php\/wp-json\/wp\/v2\/product"}],"about":[{"href":"https:\/\/sohya.art\/index.php\/wp-json\/wp\/v2\/types\/product"}],"replies":[{"embeddable":true,"href":"https:\/\/sohya.art\/index.php\/wp-json\/wp\/v2\/comments?post=939"}],"wp:featuredmedia":[{"embeddable":true,"href":"https:\/\/sohya.art\/index.php\/wp-json\/wp\/v2\/media\/947"}],"wp:attachment":[{"href":"https:\/\/sohya.art\/index.php\/wp-json\/wp\/v2\/media?parent=939"}],"wp:term":[{"taxonomy":"product_brand","embeddable":true,"href":"https:\/\/sohya.art\/index.php\/wp-json\/wp\/v2\/product_brand?post=939"},{"taxonomy":"product_cat","embeddable":true,"href":"https:\/\/sohya.art\/index.php\/wp-json\/wp\/v2\/product_cat?post=939"},{"taxonomy":"product_tag","embeddable":true,"href":"https:\/\/sohya.art\/index.php\/wp-json\/wp\/v2\/product_tag?post=939"}],"curies":[{"name":"wp","href":"https:\/\/api.w.org\/{rel}","templated":true}]}}