{"id":935,"date":"2026-03-26T10:49:42","date_gmt":"2026-03-26T09:49:42","guid":{"rendered":"https:\/\/sohya.art\/?post_type=product&#038;p=935"},"modified":"2026-03-26T10:49:43","modified_gmt":"2026-03-26T09:49:43","slug":"lapis-premium","status":"publish","type":"product","link":"https:\/\/sohya.art\/index.php\/produkt\/lapis-premium\/","title":{"rendered":"LAPIS PREMIUM"},"content":{"rendered":"","protected":false},"excerpt":{"rendered":"<p data-start=\"38\" data-end=\"289\">Elegancki, , podw\u00f3jny r\u0119cznie wykonany naszyjnik z naturalnego lapis lazuli w g\u0142\u0119bokim odcieniu granatu. Subtelne, fasetowane kamienie po\u0142\u0105czone ze z\u0142otymi detalami tworz\u0105 harmonijn\u0105 i ponadczasow\u0105 kompozycj\u0119, a centralny kamie\u0144 dodaje mu wyj\u0105tkowego charakteru.<\/p>\n<p data-start=\"291\" data-end=\"404\" data-is-last-node=\"\" data-is-only-node=\"\">Minimalistyczny, a zarazem luksusowy \u2014 idealny dla os\u00f3b ceni\u0105cych jako\u015b\u0107, naturalne pi\u0119kno i wyrafinowany styl. &#x2728;<\/p>\n<p data-start=\"291\" data-end=\"404\" data-is-last-node=\"\" data-is-only-node=\"\"><em><strong><img decoding=\"async\" class=\"emoji\" role=\"img\" draggable=\"false\" src=\"https:\/\/s.w.org\/images\/core\/emoji\/17.0.2\/svg\/1f499.svg\" alt=\"&#x1f499;\" \/><\/strong><\/em>Lapis lazuli \u0142agodzi stres, pomocny w autoekspresji i tw\u00f3rczo\u015bci artystycznej, pobudza nowe obszary \u015bwiadomo\u015bci i wyposa\u017ca w jasno\u015b\u0107 umys\u0142u niezb\u0119dna do skutecznego przekazywania swych do\u015bwiadcze\u0144 innym<\/p>\n<div class=\"woocommerce-product-details__short-description\">\n<p><em>&#x2665; Bi\u017cuteria kt\u00f3r\u0105 tworze jest robiona r\u0119cznie z uwag\u0105, ogromn\u0105 staranno\u015bci\u0105, delikatno\u015bci\u0105 i uwa\u017cno\u015bci\u0105. Jest wyj\u0105tkowa i unikalna mo\u017ce si\u0119 od siebie minimalnie r\u00f3\u017cni\u0107.<\/em><br \/>\n<em>&#x2665; Ka\u017cdy kamie\u0144 naturalny jest inny, tak jak ka\u017cdy cz\u0142owiek jest inny ,stworzony przez natur\u0119.<br \/>\n&#x2665;\u00a0 Je\u017celi marzy Ci si\u0119 bi\u017cuteria na zam\u00f3wienie, napisz do mnie jakie kolory, jakie kamienie s\u0105 Twoje ulubione a ja ch\u0119tnie stworz\u0119 dla Ciebie wyj\u0105tkow\u0105 ,indywidualn\u0105 i dopasowane do twoich potrzeb bi\u017cuteri\u0119.\u00a0<\/em><br \/>\n<em>&#x2665; W zestawie bi\u017cuteria jest taniej, przy\u00a0 zam\u00f3wieniu naszyjnika, podw\u00f3jna bransoletka -15 z\u0142\u00a0<\/em><br \/>\n<em>&#x2665;\u00a0Darmowa przesy\u0142ka od 190 z\u0142.<\/em><\/p>\n<\/div>\n","protected":false},"featured_media":936,"comment_status":"closed","ping_status":"closed","template":"","meta":[],"product_brand":[],"product_cat":[22],"product_tag":[118,65,49,45],"class_list":{"0":"post-935","1":"product","2":"type-product","3":"status-publish","4":"has-post-thumbnail","6":"product_cat-naszyjniki","7":"product_tag-elegancki","8":"product_tag-kobiecosc","9":"product_tag-lapis-lazuli","10":"product_tag-naszyjnik","12":"first","13":"instock","14":"shipping-taxable","15":"purchasable","16":"product-type-simple"},"_links":{"self":[{"href":"https:\/\/sohya.art\/index.php\/wp-json\/wp\/v2\/product\/935","targetHints":{"allow":["GET"]}}],"collection":[{"href":"https:\/\/sohya.art\/index.php\/wp-json\/wp\/v2\/product"}],"about":[{"href":"https:\/\/sohya.art\/index.php\/wp-json\/wp\/v2\/types\/product"}],"replies":[{"embeddable":true,"href":"https:\/\/sohya.art\/index.php\/wp-json\/wp\/v2\/comments?post=935"}],"wp:featuredmedia":[{"embeddable":true,"href":"https:\/\/sohya.art\/index.php\/wp-json\/wp\/v2\/media\/936"}],"wp:attachment":[{"href":"https:\/\/sohya.art\/index.php\/wp-json\/wp\/v2\/media?parent=935"}],"wp:term":[{"taxonomy":"product_brand","embeddable":true,"href":"https:\/\/sohya.art\/index.php\/wp-json\/wp\/v2\/product_brand?post=935"},{"taxonomy":"product_cat","embeddable":true,"href":"https:\/\/sohya.art\/index.php\/wp-json\/wp\/v2\/product_cat?post=935"},{"taxonomy":"product_tag","embeddable":true,"href":"https:\/\/sohya.art\/index.php\/wp-json\/wp\/v2\/product_tag?post=935"}],"curies":[{"name":"wp","href":"https:\/\/api.w.org\/{rel}","templated":true}]}}