{"id":929,"date":"2026-03-17T09:30:10","date_gmt":"2026-03-17T08:30:10","guid":{"rendered":"https:\/\/sohya.art\/?post_type=product&#038;p=929"},"modified":"2026-04-13T11:04:17","modified_gmt":"2026-04-13T09:04:17","slug":"plazowy","status":"publish","type":"product","link":"https:\/\/sohya.art\/index.php\/produkt\/plazowy\/","title":{"rendered":"PLA\u017bOWY"},"content":{"rendered":"","protected":false},"excerpt":{"rendered":"<p>Podw\u00f3jny naszyjnik ze szklanych koralik\u00f3w i naturalnych kamieni.<\/p>\n<p class=\"isSelectedEnd\">Naszyjnik Pla\u017ca inspirowany jest wakacyjnym spokojem morza, ciep\u0142em s\u0142o\u0144ca i kolorami letnich dni. Odcienie turkusu, b\u0142\u0119kitu i z\u0142ota przywodz\u0105 na my\u015bl morsk\u0105 wod\u0119, rozgrzany piasek i bezchmurne niebo.<\/p>\n<p>Lekka, delikatna forma sprawia, \u017ce bi\u017cuteria idealnie wpisuje si\u0119 w wakacyjny styl \u2013 naturalny, \u015bwie\u017cy i pe\u0142en swobody. To naszyjnik, kt\u00f3ry dodaje stylizacji subtelnego blasku i przenosi my\u015blami na s\u0142oneczn\u0105 pla\u017c\u0119, gdzie czas p\u0142ynie wolniej, a ka\u017cdy dzie\u0144 pachnie latem.<\/p>\n<p class=\"isSelectedEnd\"><strong><img decoding=\"async\" class=\"emoji\" role=\"img\" draggable=\"false\" src=\"https:\/\/s.w.org\/images\/core\/emoji\/17.0.2\/svg\/1f90d.svg\" alt=\"&#x1f90d;\" \/>Kamie\u0144 ksi\u0119\u017cycowy<\/strong> kojarzony jest z intuicj\u0105 i kobiec\u0105 energi\u0105. Uwa\u017cany za kamie\u0144 harmonii, kt\u00f3ry wspiera wewn\u0119trzny spok\u00f3j i r\u00f3wnowag\u0119 emocjonaln\u0105.<\/p>\n<p class=\"isSelectedEnd\"><strong><img decoding=\"async\" class=\"emoji\" role=\"img\" draggable=\"false\" src=\"https:\/\/s.w.org\/images\/core\/emoji\/17.0.2\/svg\/1f90e.svg\" alt=\"&#x1f90e;\" \/>Hematyt<\/strong> symbolizuje si\u0142\u0119, stabilno\u015b\u0107 i ochron\u0119. Wierzy si\u0119, \u017ce pomaga zachowa\u0107 r\u00f3wnowag\u0119 oraz wzmacnia poczucie bezpiecze\u0144stwa i pewno\u015bci siebie.<\/p>\n<p class=\"isSelectedEnd\"><strong><img decoding=\"async\" class=\"emoji\" role=\"img\" draggable=\"false\" src=\"https:\/\/s.w.org\/images\/core\/emoji\/17.0.2\/svg\/1fa75.svg\" alt=\"&#x1fa75;\" \/>Apatyt<\/strong> to kamie\u0144 inspiracji i motywacji. Kojarzony jest z kreatywno\u015bci\u0105 oraz jasno\u015bci\u0105 my\u015bli, pomagaj\u0105c odnale\u017a\u0107 wewn\u0119trzn\u0105 energi\u0119 do dzia\u0142ania.<\/p>\n<p class=\"isSelectedEnd\"><strong><img decoding=\"async\" class=\"emoji\" role=\"img\" draggable=\"false\" src=\"https:\/\/s.w.org\/images\/core\/emoji\/17.0.2\/svg\/1f499.svg\" alt=\"&#x1f499;\" \/>Lapis lazuli<\/strong> od wiek\u00f3w uznawany jest za kamie\u0144 m\u0105dro\u015bci i prawdy. Wspiera rozw\u00f3j duchowy, intuicj\u0119 oraz pomaga wyra\u017ca\u0107 siebie z autentyczno\u015bci\u0105.<\/p>\n<p class=\"isSelectedEnd\"><strong><img decoding=\"async\" class=\"emoji\" role=\"img\" draggable=\"false\" src=\"https:\/\/s.w.org\/images\/core\/emoji\/17.0.2\/svg\/1fa75.svg\" alt=\"&#x1fa75;\" \/>Amazonit<\/strong> emanuje spokojn\u0105, koj\u0105c\u0105 energi\u0105. Symbolizuje harmoni\u0119, r\u00f3wnowag\u0119 i wewn\u0119trzny spok\u00f3j, wprowadzaj\u0105c do \u017cycia wi\u0119cej \u0142agodno\u015bci.<\/p>\n<p><strong><img decoding=\"async\" class=\"emoji\" role=\"img\" draggable=\"false\" src=\"https:\/\/s.w.org\/images\/core\/emoji\/17.0.2\/svg\/1f90e.svg\" alt=\"&#x1f90e;\" \/>Tygrysie oko<\/strong> jest kamieniem odwagi i determinacji. Pomaga wzmacnia\u0107 pewno\u015b\u0107 siebie, dodaje energii do dzia\u0142ania oraz chroni przed negatywn\u0105 energi\u0105.<\/p>\n<p><img decoding=\"async\" class=\"emoji\" role=\"img\" draggable=\"false\" src=\"https:\/\/s.w.org\/images\/core\/emoji\/17.0.2\/svg\/1f90e.svg\" alt=\"&#x1f90e;\" \/><strong>Piasek<\/strong> pustyni wspieraj\u0105cych pewno\u015b\u0107 siebie, optymizm i redukcj\u0119 stresu. Przyci\u0105ga finanse i szcz\u0119cie.<\/p>\n<p><em>&#x2665; Bi\u017cuteria kt\u00f3r\u0105 tworze jest robiona r\u0119cznie z uwag\u0105, ogromn\u0105 staranno\u015bci\u0105, delikatno\u015bci\u0105 i uwa\u017cno\u015bci\u0105. Jest wyj\u0105tkowa i unikalna mo\u017ce si\u0119 od siebie minimalnie r\u00f3\u017cni\u0107.<\/em><br \/>\n<em>&#x2665; Ka\u017cdy kamie\u0144 naturalny jest inny, tak jak ka\u017cdy cz\u0142owiek jest inny ,stworzony przez natur\u0119.<br \/>\n&#x2665;\u00a0 Je\u017celi marzy Ci si\u0119 bi\u017cuteria na zam\u00f3wienie, napisz do mnie jakie kolory, jakie kamienie s\u0105 Twoje ulubione a ja ch\u0119tnie stworz\u0119 dla Ciebie wyj\u0105tkow\u0105 ,indywidualn\u0105 i dopasowane do twoich potrzeb bi\u017cuteri\u0119.<br \/>\n<\/em><em>&#x2665; W zestawie bi\u017cuteria jest taniej, przy\u00a0 zam\u00f3wieniu naszyjnika, podw\u00f3jna bransoletka -15 z\u0142 <\/em><br \/>\n<em>&#x2665;\u00a0Darmowa przesy\u0142ka od 190 z\u0142.<\/em><\/p>\n","protected":false},"featured_media":933,"comment_status":"closed","ping_status":"closed","template":"","meta":[],"product_brand":[],"product_cat":[22],"product_tag":[84,89,46,60,65,49,132,52,90,62,131],"class_list":{"0":"post-929","1":"product","2":"type-product","3":"status-publish","4":"has-post-thumbnail","6":"product_cat-naszyjniki","7":"product_tag-amazonit","8":"product_tag-apatyt","9":"product_tag-hematyt","10":"product_tag-kamien-ksiezycowy","11":"product_tag-kobiecosc","12":"product_tag-lapis-lazuli","13":"product_tag-morz","14":"product_tag-piasek-pustyni","15":"product_tag-plaza","16":"product_tag-tygrysie-oko","17":"product_tag-wakcje","19":"first","20":"instock","21":"shipping-taxable","22":"purchasable","23":"product-type-simple"},"_links":{"self":[{"href":"https:\/\/sohya.art\/index.php\/wp-json\/wp\/v2\/product\/929","targetHints":{"allow":["GET"]}}],"collection":[{"href":"https:\/\/sohya.art\/index.php\/wp-json\/wp\/v2\/product"}],"about":[{"href":"https:\/\/sohya.art\/index.php\/wp-json\/wp\/v2\/types\/product"}],"replies":[{"embeddable":true,"href":"https:\/\/sohya.art\/index.php\/wp-json\/wp\/v2\/comments?post=929"}],"wp:featuredmedia":[{"embeddable":true,"href":"https:\/\/sohya.art\/index.php\/wp-json\/wp\/v2\/media\/933"}],"wp:attachment":[{"href":"https:\/\/sohya.art\/index.php\/wp-json\/wp\/v2\/media?parent=929"}],"wp:term":[{"taxonomy":"product_brand","embeddable":true,"href":"https:\/\/sohya.art\/index.php\/wp-json\/wp\/v2\/product_brand?post=929"},{"taxonomy":"product_cat","embeddable":true,"href":"https:\/\/sohya.art\/index.php\/wp-json\/wp\/v2\/product_cat?post=929"},{"taxonomy":"product_tag","embeddable":true,"href":"https:\/\/sohya.art\/index.php\/wp-json\/wp\/v2\/product_tag?post=929"}],"curies":[{"name":"wp","href":"https:\/\/api.w.org\/{rel}","templated":true}]}}