{"id":910,"date":"2026-03-11T18:54:47","date_gmt":"2026-03-11T17:54:47","guid":{"rendered":"https:\/\/sohya.art\/?post_type=product&#038;p=910"},"modified":"2026-03-17T09:29:32","modified_gmt":"2026-03-17T08:29:32","slug":"serce-amazoni","status":"publish","type":"product","link":"https:\/\/sohya.art\/index.php\/produkt\/serce-amazoni\/","title":{"rendered":"SERCE AMAZONI"},"content":{"rendered":"","protected":false},"excerpt":{"rendered":"<p>PODW\u00d3JNA BRANSOLETKA\u00a0 ze szklanych koralik\u00f3w i naturalnych kamieni oraz sercem z amazonitu.<\/p>\n<p><strong><img decoding=\"async\" class=\"emoji\" role=\"img\" draggable=\"false\" src=\"https:\/\/s.w.org\/images\/core\/emoji\/17.0.2\/svg\/1fa75.svg\" alt=\"&#x1fa75;\" \/>Amazonit<\/strong>\u00a0emanuje spokojn\u0105, koj\u0105c\u0105 energi\u0105. Symbolizuje harmoni\u0119, r\u00f3wnowag\u0119 i wewn\u0119trzny spok\u00f3j, wprowadzaj\u0105c do \u017cycia wi\u0119cej \u0142agodno\u015bci.<\/p>\n<p><em>&#x2665; Bi\u017cuteria kt\u00f3r\u0105 tworze jest robiona r\u0119cznie z uwag\u0105, ogromn\u0105 staranno\u015bci\u0105, delikatno\u015bci\u0105 i uwa\u017cno\u015bci\u0105. Jest wyj\u0105tkowa i unikalna mo\u017ce si\u0119 od siebie minimalnie r\u00f3\u017cni\u0107.<\/em><br \/>\n<em>&#x2665; Ka\u017cdy kamie\u0144 naturalny jest inny, tak jak ka\u017cdy cz\u0142owiek jest inny ,stworzony przez natur\u0119.<br \/>\n&#x2665;\u00a0 Je\u017celi marzy Ci si\u0119 bi\u017cuteria na zam\u00f3wienie, napisz do mnie jakie kolory, jakie kamienie s\u0105 Twoje ulubione a ja ch\u0119tnie stworz\u0119 dla Ciebie wyj\u0105tkow\u0105 ,indywidualn\u0105 i dopasowane do twoich potrzeb bi\u017cuteri\u0119.<br \/>\n<\/em><em>&#x2665; W zestawie bi\u017cuteria jest taniej, przy\u00a0 zam\u00f3wieniu naszyjnika, podw\u00f3jna bransoletka -15 z\u0142 (u\u017cyj kodu BRANSOLETKA15)<\/em><br \/>\n<em>&#x2665;\u00a0Darmowa przesy\u0142ka od 190 z\u0142.<\/em><\/p>\n","protected":false},"featured_media":906,"comment_status":"closed","ping_status":"closed","template":"","meta":[],"product_brand":[],"product_cat":[23,26],"product_tag":[133,42,110,134,63,108],"class_list":{"0":"post-910","1":"product","2":"type-product","3":"status-publish","4":"has-post-thumbnail","6":"product_cat-bransoletki","7":"product_cat-podwojne","8":"product_tag-amayonit","9":"product_tag-kamienie-naturalne","10":"product_tag-lato","11":"product_tag-natura","12":"product_tag-serce","13":"product_tag-wakacje","15":"first","16":"instock","17":"shipping-taxable","18":"purchasable","19":"product-type-simple"},"_links":{"self":[{"href":"https:\/\/sohya.art\/index.php\/wp-json\/wp\/v2\/product\/910","targetHints":{"allow":["GET"]}}],"collection":[{"href":"https:\/\/sohya.art\/index.php\/wp-json\/wp\/v2\/product"}],"about":[{"href":"https:\/\/sohya.art\/index.php\/wp-json\/wp\/v2\/types\/product"}],"replies":[{"embeddable":true,"href":"https:\/\/sohya.art\/index.php\/wp-json\/wp\/v2\/comments?post=910"}],"wp:featuredmedia":[{"embeddable":true,"href":"https:\/\/sohya.art\/index.php\/wp-json\/wp\/v2\/media\/906"}],"wp:attachment":[{"href":"https:\/\/sohya.art\/index.php\/wp-json\/wp\/v2\/media?parent=910"}],"wp:term":[{"taxonomy":"product_brand","embeddable":true,"href":"https:\/\/sohya.art\/index.php\/wp-json\/wp\/v2\/product_brand?post=910"},{"taxonomy":"product_cat","embeddable":true,"href":"https:\/\/sohya.art\/index.php\/wp-json\/wp\/v2\/product_cat?post=910"},{"taxonomy":"product_tag","embeddable":true,"href":"https:\/\/sohya.art\/index.php\/wp-json\/wp\/v2\/product_tag?post=910"}],"curies":[{"name":"wp","href":"https:\/\/api.w.org\/{rel}","templated":true}]}}