{"id":763,"date":"2026-02-10T23:16:16","date_gmt":"2026-02-10T22:16:16","guid":{"rendered":"https:\/\/sohya.art\/?post_type=product&#038;p=763"},"modified":"2026-02-10T23:16:16","modified_gmt":"2026-02-10T22:16:16","slug":"ryba","status":"publish","type":"product","link":"https:\/\/sohya.art\/index.php\/produkt\/ryba\/","title":{"rendered":"RYBA"},"content":{"rendered":"","protected":false},"excerpt":{"rendered":"<p>Naszyjnik Ryba &#x2653;, podw\u00f3jny ze szklanych koralik\u00f3w z kamieniami naturalnymi.<br \/>\nOsoby spod tego znaku zodiaku s\u0105 empatyczne, wra\u017cliwe, maj\u0105 siln\u0105 intuicj\u0119 i zazwyczaj ich dusze s\u0105 marzycielskie i artystyczne.Kolory morskie, zielenie,fiolety i r\u00f3\u017cowy.<br \/>\nKamienie naturalne :<br \/>\n&#x1f49c;Ametyst kamie\u0144 z przekazem odpr\u0119\u017c si\u0119 i zaufaj. Kamie\u0144 ten r\u00f3wnowa\u017cy energi\u0119 cia\u0142 fizycznego emocjonalnego i mentalnego oraz pomaga w osi\u0105gni\u0119ciu poczucia uduchowienia i og\u00f3lnego zadowolenia<br \/>\n&#x1f499;Turkus pobudza czakr\u0119 gard\u0142a, co wp\u0142ywa na lepsz\u0105 artykulacj\u0119 odczu\u0107 emocjonalnych. Jest wspieraj\u0105cy przy podejmowaniu zada\u0144 tw\u00f3rczych, poniewa\u017c \u0142\u0105czy inspiracje intuicj\u0119 z autoekspresjia. Turkus pomaga znale\u017a\u0107 w\u0142a\u015bciw\u0105 \u015bcie\u017ck\u0119 \u017cyciow\u0105.<br \/>\n&#x1f90d;Kamie\u0144 ksi\u0119\u017cycowy &#8211; kamie\u0144 p\u0142odno\u015bci wzmacnia kobieco\u015b\u0107, pomaga \u0142agodzi\u0107 stres i l\u0119ki, jest kamieniem kt\u00f3ry warto zabra\u0107 ze sob\u0105 w podr\u00f3\u017c<br \/>\n&#x1fa77;Kwarc r\u00f3\u017cowy &#8211; u\u015bmierza b\u00f3l po zadanych ranach emocjonalnych, wspomaga wykszta\u0142canie mi\u0142o\u015bci do siebie dzi\u0119ki kt\u00f3rej potrafimy bezwarunkowo kocha\u0107 innych<\/p>\n<p><em>&#x2665; Bi\u017cuteria kt\u00f3r\u0105 tworze jest robiona r\u0119cznie z uwag\u0105, ogromn\u0105 staranno\u015bci\u0105, delikatno\u015bci\u0105 i uwa\u017cno\u015bci\u0105. Jest wyj\u0105tkowa i unikalna mo\u017ce si\u0119 od siebie minimalnie r\u00f3\u017cni\u0107.<\/em>\u00a0<em>&#x2665; Ka\u017cdy kamie\u0144 naturalny jest inny, tak jak ka\u017cdy cz\u0142owiek jest inny ,stworzony przez natur\u0119. &#x2665;\u00a0 Je\u017celi marzy Ci si\u0119 bi\u017cuteria na zam\u00f3wienie, napisz do mnie jakie kolory, jakie kamienie s\u0105 Twoje ulubione a ja ch\u0119tnie stworz\u0119 dla Ciebie wyj\u0105tkow\u0105 ,indywidualn\u0105 i dopasowane do twoich potrzeb bi\u017cuteri\u0119.\u00a0<\/em>\u00a0<em>&#x2665; W zestawie bi\u017cuteria jest taniej, przy\u00a0 zam\u00f3wieniu naszyjnika, podw\u00f3jna bransoletka -15 z\u0142\u00a0<\/em>\u00a0<em>&#x2665;\u00a0Darmowa przesy\u0142ka od 190 z\u0142.<\/em><\/p>\n","protected":false},"featured_media":708,"comment_status":"closed","ping_status":"closed","template":"","meta":[],"product_brand":[],"product_cat":[22],"product_tag":[43,94,60,64,124,56,123,57],"class_list":{"0":"post-763","1":"product","2":"type-product","3":"status-publish","4":"has-post-thumbnail","6":"product_cat-naszyjniki","7":"product_tag-ametyst","8":"product_tag-biel","9":"product_tag-kamien-ksiezycowy","10":"product_tag-kwarc-rozowy","11":"product_tag-stal-nierdzwna","12":"product_tag-turkus","13":"product_tag-zawieszka","14":"product_tag-znak-zodiaku","16":"first","17":"instock","18":"shipping-taxable","19":"purchasable","20":"product-type-simple"},"_links":{"self":[{"href":"https:\/\/sohya.art\/index.php\/wp-json\/wp\/v2\/product\/763","targetHints":{"allow":["GET"]}}],"collection":[{"href":"https:\/\/sohya.art\/index.php\/wp-json\/wp\/v2\/product"}],"about":[{"href":"https:\/\/sohya.art\/index.php\/wp-json\/wp\/v2\/types\/product"}],"replies":[{"embeddable":true,"href":"https:\/\/sohya.art\/index.php\/wp-json\/wp\/v2\/comments?post=763"}],"wp:featuredmedia":[{"embeddable":true,"href":"https:\/\/sohya.art\/index.php\/wp-json\/wp\/v2\/media\/708"}],"wp:attachment":[{"href":"https:\/\/sohya.art\/index.php\/wp-json\/wp\/v2\/media?parent=763"}],"wp:term":[{"taxonomy":"product_brand","embeddable":true,"href":"https:\/\/sohya.art\/index.php\/wp-json\/wp\/v2\/product_brand?post=763"},{"taxonomy":"product_cat","embeddable":true,"href":"https:\/\/sohya.art\/index.php\/wp-json\/wp\/v2\/product_cat?post=763"},{"taxonomy":"product_tag","embeddable":true,"href":"https:\/\/sohya.art\/index.php\/wp-json\/wp\/v2\/product_tag?post=763"}],"curies":[{"name":"wp","href":"https:\/\/api.w.org\/{rel}","templated":true}]}}