{"id":761,"date":"2026-02-06T21:50:22","date_gmt":"2026-02-06T20:50:22","guid":{"rendered":"https:\/\/sohya.art\/?post_type=product&#038;p=761"},"modified":"2026-03-17T09:31:45","modified_gmt":"2026-03-17T08:31:45","slug":"mandala","status":"publish","type":"product","link":"https:\/\/sohya.art\/index.php\/produkt\/mandala\/","title":{"rendered":"MANDALA"},"content":{"rendered":"","protected":false},"excerpt":{"rendered":"<p>Wyj\u0105tkowy naszyjnik podw\u00f3jny na \u0142a\u0144cuszku ze stali nierdzewnej\u00a0 z kamieniami naturalnymi w po\u0142\u0105czniu ze szklanymi koralikami z kamieniami naturalnymi :<br \/>\n<em><strong><img decoding=\"async\" class=\"emoji\" role=\"img\" draggable=\"false\" src=\"https:\/\/s.w.org\/images\/core\/emoji\/17.0.2\/svg\/1f9e1.svg\" alt=\"&#x1f9e1;\" \/><\/strong><\/em>Kamie\u0144 s\u0142oneczny o ciep\u0142ej barwie z mieni\u0105cymi si\u0119 drobinkami jest kamieniem optymizmu, witalno\u015bci i obfito\u015bci. Przynosi ukojenie i odpr\u0119\u017ca po ci\u0119\u017ckim dniu, no\u015b go blisko cia\u0142a a b\u0119dziesz mie\u0107 uczucie jak by promienie s\u0142o\u0144ca utula\u0142y twoj\u0105 sk\u00f3r\u0119.<br \/>\n<em><strong><img decoding=\"async\" class=\"emoji\" role=\"img\" draggable=\"false\" src=\"https:\/\/s.w.org\/images\/core\/emoji\/17.0.2\/svg\/1f9e1.svg\" alt=\"&#x1f9e1;\" \/><\/strong><\/em>Hematyt doskona\u0142y jako kryszta\u0142 ugruntowuj\u0105cy, niweluje l\u0119ki przed nowo\u015bciami oraz uwalnia od mentalnych ogranicze\u0144<br \/>\n<img decoding=\"async\" class=\"emoji\" role=\"img\" draggable=\"false\" src=\"https:\/\/s.w.org\/images\/core\/emoji\/17.0.2\/svg\/1fa75.svg\" alt=\"&#x1fa75;\" \/>Amazonit kamie\u0144 prawdy i odwagi, wspiera komunikacj\u0119 i harmoni\u0119 , przynosi szcz\u0119\u015bcie, wzmacnia intuicj\u0119.<br \/>\n<img decoding=\"async\" class=\"emoji\" role=\"img\" draggable=\"false\" src=\"https:\/\/s.w.org\/images\/core\/emoji\/17.0.2\/svg\/1f90e.svg\" alt=\"&#x1f90e;\" \/>Piasek pustyni wspieraj\u0105cych pewno\u015b\u0107 siebie, optymizm i redukcj\u0119 stresu. Przyci\u0105ga finanse i szcz\u0119cie.<br \/>\n<img decoding=\"async\" class=\"emoji\" role=\"img\" draggable=\"false\" src=\"https:\/\/s.w.org\/images\/core\/emoji\/17.0.2\/svg\/1f90e.svg\" alt=\"&#x1f90e;\" \/>Tygrysie oko\u00a0kryszta\u0142 ten daje energi\u0119 do sprostania wa\u017cnym zadaniom \u017cyciowym, nape\u0142nia optymizmem i wewn\u0119trzn\u0105 dyscyplin\u0105.<br \/>\n<img decoding=\"async\" class=\"emoji\" role=\"img\" draggable=\"false\" src=\"https:\/\/s.w.org\/images\/core\/emoji\/17.0.2\/svg\/1f49a.svg\" alt=\"&#x1f49a;\" \/>Labradoryt\u00a0to kamie\u0144 o silnych w\u0142a\u015bciwo\u015bciach ochronnych, energetyzuj\u0105cych i intuicyjnych,\u00a0 wspiera kreatywno\u015b\u0107, pomaga w redukcji stresu, wzmacnia intuicj\u0119 chroni aur\u0119 przed negatywn\u0105 energi\u0105.<br \/>\n<img decoding=\"async\" class=\"emoji\" role=\"img\" draggable=\"false\" src=\"https:\/\/s.w.org\/images\/core\/emoji\/17.0.2\/svg\/1f49a.svg\" alt=\"&#x1f49a;\" \/>Lepidolit dzia\u0142a uspokajaj\u0105co, redukuje stres, napi\u0119cie i pomaga w bezsenno\u015bci. Pomaga w przechodzeniu przez zmiany, wyzwala od na\u0142og\u00f3w i smutku, wspiera jasne my\u015blenie.<br \/>\n<img decoding=\"async\" class=\"emoji\" role=\"img\" draggable=\"false\" src=\"https:\/\/s.w.org\/images\/core\/emoji\/17.0.2\/svg\/1f49a.svg\" alt=\"&#x1f49a;\" \/>Malachit kamie\u0144 o silnych w\u0142a\u015bciwo\u015bci ochronnych, harmonizuj\u0105cych i uzdrawiaj\u0105cych, poch\u0142aniaj\u0105cy negatywne energie, wspieraj\u0105cy transformacj\u0119, r\u00f3wnowag\u0119 psychiczn\u0105 ,uspokaja, redukuje l\u0119k. Daje jasno\u015b\u0107 w kwestii jak praktycznie dzia\u0142a\u0107 by osi\u0105gn\u0105\u0107 cel.<\/p>\n<p><em>&#x2665; Bi\u017cuteria kt\u00f3r\u0105 tworze jest robiona r\u0119cznie z uwag\u0105, ogromn\u0105 staranno\u015bci\u0105, delikatno\u015bci\u0105 i uwa\u017cno\u015bci\u0105. Jest wyj\u0105tkowa i unikalna mo\u017ce si\u0119 od siebie minimalnie r\u00f3\u017cni\u0107.<\/em><br \/>\n<em>&#x2665; Ka\u017cdy kamie\u0144 naturalny jest inny, tak jak ka\u017cdy cz\u0142owiek jest inny ,stworzony przez natur\u0119.<br \/>\n&#x2665;\u00a0 Je\u017celi marzy Ci si\u0119 bi\u017cuteria na zam\u00f3wienie, napisz do mnie jakie kolory, jakie kamienie s\u0105 Twoje ulubione a ja ch\u0119tnie stworz\u0119 dla Ciebie wyj\u0105tkow\u0105 ,indywidualn\u0105 i dopasowane do twoich potrzeb bi\u017cuteri\u0119.\u00a0<\/em><br \/>\n<em>&#x2665; W zestawie bi\u017cuteria jest taniej, przy\u00a0 zam\u00f3wieniu naszyjnika, podw\u00f3jna bransoletka -15 z\u0142 (u\u017cyj kodu BRANSOLETKA15)<\/em><br \/>\n<em>&#x2665;\u00a0Darmowa przesy\u0142ka od 190 z\u0142.<\/em><\/p>\n","protected":false},"featured_media":677,"comment_status":"closed","ping_status":"closed","template":"","meta":[],"product_brand":[],"product_cat":[22],"product_tag":[84,118,46,113,92,65,54,86,87,45,112,85,52,62],"class_list":{"0":"post-761","1":"product","2":"type-product","3":"status-publish","4":"has-post-thumbnail","6":"product_cat-naszyjniki","7":"product_tag-amazonit","8":"product_tag-elegancki","9":"product_tag-hematyt","10":"product_tag-kamien-sloneczny","11":"product_tag-kamieni-naturalne","12":"product_tag-kobiecosc","13":"product_tag-labradoryt","14":"product_tag-lapidolit","15":"product_tag-malachit","16":"product_tag-naszyjnik","17":"product_tag-naszyjnik-na-lancuszku","18":"product_tag-naszyjnik-podwojny","19":"product_tag-piasek-pustyni","20":"product_tag-tygrysie-oko","22":"first","23":"instock","24":"featured","25":"shipping-taxable","26":"purchasable","27":"product-type-simple"},"_links":{"self":[{"href":"https:\/\/sohya.art\/index.php\/wp-json\/wp\/v2\/product\/761","targetHints":{"allow":["GET"]}}],"collection":[{"href":"https:\/\/sohya.art\/index.php\/wp-json\/wp\/v2\/product"}],"about":[{"href":"https:\/\/sohya.art\/index.php\/wp-json\/wp\/v2\/types\/product"}],"replies":[{"embeddable":true,"href":"https:\/\/sohya.art\/index.php\/wp-json\/wp\/v2\/comments?post=761"}],"wp:featuredmedia":[{"embeddable":true,"href":"https:\/\/sohya.art\/index.php\/wp-json\/wp\/v2\/media\/677"}],"wp:attachment":[{"href":"https:\/\/sohya.art\/index.php\/wp-json\/wp\/v2\/media?parent=761"}],"wp:term":[{"taxonomy":"product_brand","embeddable":true,"href":"https:\/\/sohya.art\/index.php\/wp-json\/wp\/v2\/product_brand?post=761"},{"taxonomy":"product_cat","embeddable":true,"href":"https:\/\/sohya.art\/index.php\/wp-json\/wp\/v2\/product_cat?post=761"},{"taxonomy":"product_tag","embeddable":true,"href":"https:\/\/sohya.art\/index.php\/wp-json\/wp\/v2\/product_tag?post=761"}],"curies":[{"name":"wp","href":"https:\/\/api.w.org\/{rel}","templated":true}]}}