{"id":760,"date":"2026-02-06T21:40:22","date_gmt":"2026-02-06T20:40:22","guid":{"rendered":"https:\/\/sohya.art\/?post_type=product&#038;p=760"},"modified":"2026-03-17T09:32:07","modified_gmt":"2026-03-17T08:32:07","slug":"piryt","status":"publish","type":"product","link":"https:\/\/sohya.art\/index.php\/produkt\/piryt\/","title":{"rendered":"PIRYT"},"content":{"rendered":"","protected":false},"excerpt":{"rendered":"<p>Podw\u00f3jny naszyjnik ze szklanych koralik\u00f3w kolorze be\u017cowo z\u0142otym z kamieniami naturalnymi:<br \/>\n&#x1f49b;Cytryn pomaga rozwija\u0107 w sobie dojrza\u0142o\u015b\u0107 emocjonaln\u0105 i dotrze\u0107 do swej wewn\u0119trznej si\u0142y.Zwieksza wiar\u0119 w siebie, pomaga przezwyci\u0119\u017cy\u0107 w sobie poci\u0105g do substancji uzale\u017cniaj\u0105cych.Przyci\u0105ga bogactwo, dodaje energii witalnej, stymuluje kreatywno\u015b\u0107.Dzia\u0142a antydepresyjnie i ochronnie.<br \/>\n&#x1fa76;Piryt kamie\u0144 niezale\u017cno\u015bci, ochrony i kreatywno\u015bci, przyci\u0105gaj\u0105cy bogactwo. Jego energia wyzwala w nas potrzeb\u0119 podejmowania odwa\u017cnych samodzielnych decyzji, sk\u0142ania nas do zmian w \u017cyciu, cz\u0119sto bardzo rewolucyjnych, wspierajac w realizacji tych plan\u00f3w i cel\u00f3w.<\/p>\n<p><em>&#x2665; Bi\u017cuteria kt\u00f3r\u0105 tworze jest robiona r\u0119cznie z uwag\u0105, ogromn\u0105 staranno\u015bci\u0105, delikatno\u015bci\u0105 i uwa\u017cno\u015bci\u0105. Jest wyj\u0105tkowa i unikalna mo\u017ce si\u0119 od siebie minimalnie r\u00f3\u017cni\u0107.<\/em><br \/>\n<em>&#x2665; Ka\u017cdy kamie\u0144 naturalny jest inny, tak jak ka\u017cdy cz\u0142owiek jest inny ,stworzony przez natur\u0119.<br \/>\n&#x2665;\u00a0 Je\u017celi marzy Ci si\u0119 bi\u017cuteria na zam\u00f3wienie, napisz do mnie jakie kolory, jakie kamienie s\u0105 Twoje ulubione a ja ch\u0119tnie stworz\u0119 dla Ciebie wyj\u0105tkow\u0105 ,indywidualn\u0105 i dopasowane do twoich potrzeb bi\u017cuteri\u0119.\u00a0<\/em><br \/>\n<em>&#x2665; W zestawie bi\u017cuteria jest taniej, przy\u00a0 zam\u00f3wieniu naszyjnika, podw\u00f3jna bransoletka -15 z\u0142 (u\u017cyj kodu BRANSOLETKA15)<\/em><br \/>\n<em>&#x2665;\u00a0Darmowa przesy\u0142ka od 190 z\u0142.<\/em><\/p>\n","protected":false},"featured_media":725,"comment_status":"closed","ping_status":"closed","template":"","meta":[],"product_brand":[],"product_cat":[22],"product_tag":[100,65,45,121,101,122],"class_list":{"0":"post-760","1":"product","2":"type-product","3":"status-publish","4":"has-post-thumbnail","6":"product_cat-naszyjniki","7":"product_tag-cytryn","8":"product_tag-kobiecosc","9":"product_tag-naszyjnik","10":"product_tag-piryt","11":"product_tag-sukces","12":"product_tag-wyjatkowy","14":"first","15":"instock","16":"featured","17":"shipping-taxable","18":"purchasable","19":"product-type-simple"},"_links":{"self":[{"href":"https:\/\/sohya.art\/index.php\/wp-json\/wp\/v2\/product\/760","targetHints":{"allow":["GET"]}}],"collection":[{"href":"https:\/\/sohya.art\/index.php\/wp-json\/wp\/v2\/product"}],"about":[{"href":"https:\/\/sohya.art\/index.php\/wp-json\/wp\/v2\/types\/product"}],"replies":[{"embeddable":true,"href":"https:\/\/sohya.art\/index.php\/wp-json\/wp\/v2\/comments?post=760"}],"wp:featuredmedia":[{"embeddable":true,"href":"https:\/\/sohya.art\/index.php\/wp-json\/wp\/v2\/media\/725"}],"wp:attachment":[{"href":"https:\/\/sohya.art\/index.php\/wp-json\/wp\/v2\/media?parent=760"}],"wp:term":[{"taxonomy":"product_brand","embeddable":true,"href":"https:\/\/sohya.art\/index.php\/wp-json\/wp\/v2\/product_brand?post=760"},{"taxonomy":"product_cat","embeddable":true,"href":"https:\/\/sohya.art\/index.php\/wp-json\/wp\/v2\/product_cat?post=760"},{"taxonomy":"product_tag","embeddable":true,"href":"https:\/\/sohya.art\/index.php\/wp-json\/wp\/v2\/product_tag?post=760"}],"curies":[{"name":"wp","href":"https:\/\/api.w.org\/{rel}","templated":true}]}}