{"id":660,"date":"2026-02-05T21:20:34","date_gmt":"2026-02-05T20:20:34","guid":{"rendered":"https:\/\/sohya.art\/?post_type=product&#038;p=660"},"modified":"2026-02-05T21:28:12","modified_gmt":"2026-02-05T20:28:12","slug":"zmyslowy","status":"publish","type":"product","link":"https:\/\/sohya.art\/index.php\/produkt\/zmyslowy\/","title":{"rendered":"ZMYS\u0141OWY"},"content":{"rendered":"","protected":false},"excerpt":{"rendered":"<p>Podw\u00f3jny naszyjnik na \u0142a\u0144cuszku ze stali nierdzewnej z kamieniami naturalnymi :<br \/>\n<img decoding=\"async\" class=\"emoji\" role=\"img\" draggable=\"false\" src=\"https:\/\/s.w.org\/images\/core\/emoji\/17.0.2\/svg\/1f90e.svg\" alt=\"&#x1f90e;\" \/>Piasek pustyni wspieraj\u0105cych pewno\u015b\u0107 siebie, optymizm i redukcj\u0119 stresu. Przyci\u0105ga finanse i szcz\u0119cie.<br \/>\n<strong><img decoding=\"async\" class=\"emoji\" role=\"img\" draggable=\"false\" src=\"https:\/\/s.w.org\/images\/core\/emoji\/17.0.2\/svg\/1fa77.svg\" alt=\"&#x1fa77;\" \/><\/strong>Kwarc r\u00f3\u017cowy\u00a0znany r\u00f3wnie\u017c jako Kamie\u0144 Mi\u0142o\u015bci. Wspiera relacje i empati\u0119 do siebie jak i do bliskich. Jako symbol mi\u0142o\u015bci i przyja\u017ani, mo\u017ce by\u0107 wspania\u0142ym prezentem dla bliskiej osoby lub narz\u0119dziem wspomagaj\u0105cym osobisty rozw\u00f3j emocjonalny. Jego uniwersalno\u015b\u0107 i dost\u0119pno\u015b\u0107 czyni\u0105 go kamieniem, po kt\u00f3ry warto si\u0119gn\u0105\u0107, szukaj\u0105c wsparcia w budowaniu zdrowych relacji.<br \/>\n<em><strong><img decoding=\"async\" class=\"emoji\" role=\"img\" draggable=\"false\" src=\"https:\/\/s.w.org\/images\/core\/emoji\/17.0.2\/svg\/1f9e1.svg\" alt=\"&#x1f9e1;\" \/><\/strong><\/em>Hematyt doskona\u0142y jako kryszta\u0142 ugruntowuj\u0105cy, niweluje l\u0119ki przed nowo\u015bciami oraz uwalnia od mentalnych ogranicze\u0144 powstrzymuj\u0105cych przed podejmowaniem w \u017cyciu nowych zada\u0144<br \/>\n<span class=\"x19la9d6 x1fc57z9 x6ikm8r x10wlt62 x19co3pv x11tp94h xfibh0p xiy17q3 x1xsqp64 x1lkfr7t xexx8yu xyri2b x18d9i69 x1c1uobl\"><span class=\"xrtxmta x1bhl96m\"><img decoding=\"async\" class=\"emoji\" role=\"img\" draggable=\"false\" src=\"https:\/\/s.w.org\/images\/core\/emoji\/17.0.2\/svg\/1fa77.svg\" alt=\"&#x1fa77;\" \/><\/span><\/span>R\u00f3\u017cowy turmalin kamie\u0144 mi\u0142o\u015bci, wsp\u00f3\u0142czucia i r\u00f3wnowagi emocjonalnej, kt\u00f3ry otwiera serce na mi\u0142o\u015b\u0107 w\u0142asn\u0105, \u0142agodzi stres, przyci\u0105ga przyja\u017a\u0144 i wspomaga uzdrawianie ran emocjonalnych, przywracaj\u0105c spok\u00f3j i pozytywne nastawienie.<br \/>\n<em><strong><img decoding=\"async\" class=\"emoji\" role=\"img\" draggable=\"false\" src=\"https:\/\/s.w.org\/images\/core\/emoji\/17.0.2\/svg\/1f9e1.svg\" alt=\"&#x1f9e1;\" \/><\/strong><\/em>Kamie\u0144 s\u0142oneczny o ciep\u0142ej barwie z mieni\u0105cymi si\u0119 drobinkami jest kamieniem optymizmu, witalno\u015bci i obfito\u015bci. Przynosi ukojenie i odpr\u0119\u017ca po ci\u0119\u017ckim dniu, no\u015b go blisko cia\u0142a a b\u0119dziesz mie\u0107 uczucie jak by promienie s\u0142o\u0144ca utula\u0142y twoj\u0105 sk\u00f3r\u0119.<br \/>\n<span class=\"x19la9d6 x1fc57z9 x6ikm8r x10wlt62 x19co3pv x11tp94h xfibh0p xiy17q3 x1xsqp64 x1lkfr7t xexx8yu xyri2b x18d9i69 x1c1uobl\"><span class=\"xrtxmta x1bhl96m\"><img decoding=\"async\" class=\"emoji\" role=\"img\" draggable=\"false\" src=\"https:\/\/s.w.org\/images\/core\/emoji\/17.0.2\/svg\/1fa77.svg\" alt=\"&#x1fa77;\" \/><\/span><\/span>Jaspis nie tylko wspiera mi\u0142o\u015b\u0107 romantyczn\u0105, ale tak\u017ce przyja\u017a\u0144 oraz relacje rodzinne. Jego energia sprzyja budowaniu zaufania i otwarto\u015bci, co jest kluczowe w ka\u017cdej bliskiej relacji.\u00a0 Pomaga zachowa\u0107 harmonie i by\u0107 w tu i teraz.<br \/>\n&#x2764;&#xfe0f;Granat uwa\u017cany jest za kamie\u0144 nadziei, chroni\u0105cy od z\u0142a. Przypisuje mu si\u0119 w\u0142a\u015bciwo\u015bci dodaj\u0105ce odwagi i pewno\u015bci siebie, a tak\u017ce pobudzaj\u0105ce kreatywno\u015b\u0107.<\/p>\n<p><em>&#x2665; Bi\u017cuteria kt\u00f3r\u0105 tworze jest robiona r\u0119cznie z uwag\u0105, ogromn\u0105 staranno\u015bci\u0105, delikatno\u015bci\u0105 i uwa\u017cno\u015bci\u0105. Jest wyj\u0105tkowa i unikalna mo\u017ce si\u0119 od siebie minimalnie r\u00f3\u017cni\u0107.<\/em><br \/>\n<em>&#x2665; Ka\u017cdy kamie\u0144 naturalny jest inny, tak jak ka\u017cdy cz\u0142owiek jest inny ,stworzony przez natur\u0119.<br \/>\n&#x2665;\u00a0 Je\u017celi marzy Ci si\u0119 bi\u017cuteria na zam\u00f3wienie, napisz do mnie jakie kolory, jakie kamienie s\u0105 Twoje ulubione a ja ch\u0119tnie stworz\u0119 dla Ciebie wyj\u0105tkow\u0105 ,indywidualn\u0105 i dopasowane do twoich potrzeb bi\u017cuteri\u0119.\u00a0<\/em><br \/>\n<em>&#x2665; W zestawie bi\u017cuteria jest taniej, przy\u00a0 zam\u00f3wieniu naszyjnika, podw\u00f3jna bransoletka -15 z\u0142\u00a0<\/em><br \/>\n<em>&#x2665;\u00a0Darmowa przesy\u0142ka od 190 z\u0142.<\/em><\/p>\n","protected":false},"featured_media":617,"comment_status":"closed","ping_status":"closed","template":"","meta":[],"product_brand":[],"product_cat":[22],"product_tag":[50,46,115,113,42,116,64,112,85,52,114,62,117],"class_list":{"0":"post-660","1":"product","2":"type-product","3":"status-publish","4":"has-post-thumbnail","6":"product_cat-naszyjniki","7":"product_tag-granat","8":"product_tag-hematyt","9":"product_tag-jaspis","10":"product_tag-kamien-sloneczny","11":"product_tag-kamienie-naturalne","12":"product_tag-kobicosc","13":"product_tag-kwarc-rozowy","14":"product_tag-naszyjnik-na-lancuszku","15":"product_tag-naszyjnik-podwojny","16":"product_tag-piasek-pustyni","17":"product_tag-rozowy-turmalin","18":"product_tag-tygrysie-oko","19":"product_tag-zmyslowosc","21":"first","22":"instock","23":"shipping-taxable","24":"purchasable","25":"product-type-simple"},"_links":{"self":[{"href":"https:\/\/sohya.art\/index.php\/wp-json\/wp\/v2\/product\/660","targetHints":{"allow":["GET"]}}],"collection":[{"href":"https:\/\/sohya.art\/index.php\/wp-json\/wp\/v2\/product"}],"about":[{"href":"https:\/\/sohya.art\/index.php\/wp-json\/wp\/v2\/types\/product"}],"replies":[{"embeddable":true,"href":"https:\/\/sohya.art\/index.php\/wp-json\/wp\/v2\/comments?post=660"}],"wp:featuredmedia":[{"embeddable":true,"href":"https:\/\/sohya.art\/index.php\/wp-json\/wp\/v2\/media\/617"}],"wp:attachment":[{"href":"https:\/\/sohya.art\/index.php\/wp-json\/wp\/v2\/media?parent=660"}],"wp:term":[{"taxonomy":"product_brand","embeddable":true,"href":"https:\/\/sohya.art\/index.php\/wp-json\/wp\/v2\/product_brand?post=660"},{"taxonomy":"product_cat","embeddable":true,"href":"https:\/\/sohya.art\/index.php\/wp-json\/wp\/v2\/product_cat?post=660"},{"taxonomy":"product_tag","embeddable":true,"href":"https:\/\/sohya.art\/index.php\/wp-json\/wp\/v2\/product_tag?post=660"}],"curies":[{"name":"wp","href":"https:\/\/api.w.org\/{rel}","templated":true}]}}