{"id":606,"date":"2026-02-01T14:32:42","date_gmt":"2026-02-01T13:32:42","guid":{"rendered":"https:\/\/sohya.art\/?post_type=product&#038;p=606"},"modified":"2026-03-17T09:35:42","modified_gmt":"2026-03-17T08:35:42","slug":"moc","status":"publish","type":"product","link":"https:\/\/sohya.art\/index.php\/produkt\/moc\/","title":{"rendered":"MOC"},"content":{"rendered":"","protected":false},"excerpt":{"rendered":"<p>Naszyjnik ze szklanych koralik\u00f3w z wieloma mocnymi kamieniami naturalnymi :<br \/>\n<img decoding=\"async\" class=\"emoji\" role=\"img\" draggable=\"false\" src=\"https:\/\/s.w.org\/images\/core\/emoji\/17.0.2\/svg\/1f90e.svg\" alt=\"&#x1f90e;\" \/>Tygrysie oko kryszta\u0142 ten daje energi\u0119 do sprostania wa\u017cnym zadaniom \u017cyciowym, nape\u0142nia optymizmem i wewn\u0119trzn\u0105 dyscyplin\u0105. Daje jasno\u015b\u0107 w kwestii jak praktycznie dzia\u0142a\u0107 by osi\u0105gn\u0105\u0107 cel.<br \/>\n<img decoding=\"async\" class=\"emoji\" role=\"img\" draggable=\"false\" src=\"https:\/\/s.w.org\/images\/core\/emoji\/17.0.2\/svg\/1f9e1.svg\" alt=\"&#x1f9e1;\" \/>Hematyt\u00a0 doskona\u0142y jako kryszta\u0142 ugruntowuj\u0105cy, niweluje l\u0119ki przed nowo\u015bciami oraz uwalnia od mentalnych ogranicze\u0144 powstrzymuj\u0105cych przed podejmowaniem w \u017cyciu nowych zada\u0144.<br \/>\n<img decoding=\"async\" class=\"emoji\" role=\"img\" draggable=\"false\" src=\"https:\/\/s.w.org\/images\/core\/emoji\/17.0.2\/svg\/1f90e.svg\" alt=\"&#x1f90e;\" \/>Piasek pustyni wspieraj\u0105cych pewno\u015b\u0107 siebie, optymizm i redukcj\u0119 stresu. Przyci\u0105ga finanse i szcz\u0119cie.<br \/>\n<img decoding=\"async\" class=\"emoji\" role=\"img\" draggable=\"false\" src=\"https:\/\/s.w.org\/images\/core\/emoji\/17.0.2\/svg\/1fa75.svg\" alt=\"&#x1fa75;\" \/>Amazonit kamie\u0144 prawdy i odwagi, wspiera komunikacj\u0119 i harmoni\u0119 , przynosi szcz\u0119\u015bcie, wzmacnia intuicj\u0119.<br \/>\n<span class=\"x19la9d6 x1fc57z9 x6ikm8r x10wlt62 x19co3pv x11tp94h xfibh0p xiy17q3 x1xsqp64 x1lkfr7t xexx8yu xyri2b x18d9i69 x1c1uobl\"><span class=\"xrtxmta x1bhl96m\">&#x1f499;<\/span><\/span>Lapis lazuli \u0142agodzi stres, pomocny w autoekspresji i tw\u00f3rczo\u015bci artystycznej, pobudza nowe obszary \u015bwiadomo\u015bci i wyposa\u017ca w jasno\u015b\u0107 umys\u0142u niezb\u0119dna do skutecznego przekazywania swych do\u015bwiadcze\u0144 innym<br \/>\n<img decoding=\"async\" class=\"emoji\" role=\"img\" draggable=\"false\" src=\"https:\/\/s.w.org\/images\/core\/emoji\/17.0.2\/svg\/1fa75.svg\" alt=\"&#x1fa75;\" \/>Apatyt kamie\u0144 motywacji, komunikacji i r\u00f3wnowagi emocjonalnej, kt\u00f3ry wspiera w d\u0105\u017ceniu do cel\u00f3w, podnosi samoocen\u0119 i kreatywno\u015b\u0107, pomagaj\u0105c przezwyci\u0119\u017cy\u0107 apati\u0119 i negatywne my\u015bli.<\/p>\n<p><em>&#x2665; Bi\u017cuteria kt\u00f3r\u0105 tworze jest robiona r\u0119cznie z uwag\u0105, ogromn\u0105 staranno\u015bci\u0105, delikatno\u015bci\u0105 i uwa\u017cno\u015bci\u0105. Jest wyj\u0105tkowa i unikalna mo\u017ce si\u0119 od siebie minimalnie r\u00f3\u017cni\u0107.<\/em><br \/>\n<em>&#x2665; Ka\u017cdy kamie\u0144 naturalny jest inny, tak jak ka\u017cdy cz\u0142owiek jest inny ,stworzony przez natur\u0119.<br \/>\n&#x2665;\u00a0 Je\u017celi marzy Ci si\u0119 bi\u017cuteria na zam\u00f3wienie, napisz do mnie jakie kolory, jakie kamienie s\u0105 Twoje ulubione a ja ch\u0119tnie stworz\u0119 dla Ciebie wyj\u0105tkow\u0105 ,indywidualn\u0105 i dopasowane do twoich potrzeb bi\u017cuteri\u0119.\u00a0<\/em><br \/>\n<em>&#x2665; W zestawie bi\u017cuteria jest taniej, przy\u00a0 zam\u00f3wieniu naszyjnika, podw\u00f3jna bransoletka -15 z\u0142 (u\u017cyj kodu BRANSOLETKA15)<\/em><br \/>\n<em>&#x2665;\u00a0Darmowa przesy\u0142ka od 190 z\u0142.<\/em><\/p>\n","protected":false},"featured_media":748,"comment_status":"closed","ping_status":"closed","template":"","meta":[],"product_brand":[],"product_cat":[22],"product_tag":[84,89,46,49,82,45,52,107,62],"class_list":{"0":"post-606","1":"product","2":"type-product","3":"status-publish","4":"has-post-thumbnail","6":"product_cat-naszyjniki","7":"product_tag-amazonit","8":"product_tag-apatyt","9":"product_tag-hematyt","10":"product_tag-lapis-lazuli","11":"product_tag-moc","12":"product_tag-naszyjnik","13":"product_tag-piasek-pustyni","14":"product_tag-spinel","15":"product_tag-tygrysie-oko","17":"first","18":"instock","19":"featured","20":"shipping-taxable","21":"purchasable","22":"product-type-simple"},"_links":{"self":[{"href":"https:\/\/sohya.art\/index.php\/wp-json\/wp\/v2\/product\/606","targetHints":{"allow":["GET"]}}],"collection":[{"href":"https:\/\/sohya.art\/index.php\/wp-json\/wp\/v2\/product"}],"about":[{"href":"https:\/\/sohya.art\/index.php\/wp-json\/wp\/v2\/types\/product"}],"replies":[{"embeddable":true,"href":"https:\/\/sohya.art\/index.php\/wp-json\/wp\/v2\/comments?post=606"}],"wp:featuredmedia":[{"embeddable":true,"href":"https:\/\/sohya.art\/index.php\/wp-json\/wp\/v2\/media\/748"}],"wp:attachment":[{"href":"https:\/\/sohya.art\/index.php\/wp-json\/wp\/v2\/media?parent=606"}],"wp:term":[{"taxonomy":"product_brand","embeddable":true,"href":"https:\/\/sohya.art\/index.php\/wp-json\/wp\/v2\/product_brand?post=606"},{"taxonomy":"product_cat","embeddable":true,"href":"https:\/\/sohya.art\/index.php\/wp-json\/wp\/v2\/product_cat?post=606"},{"taxonomy":"product_tag","embeddable":true,"href":"https:\/\/sohya.art\/index.php\/wp-json\/wp\/v2\/product_tag?post=606"}],"curies":[{"name":"wp","href":"https:\/\/api.w.org\/{rel}","templated":true}]}}