{"id":586,"date":"2026-02-01T11:04:45","date_gmt":"2026-02-01T10:04:45","guid":{"rendered":"https:\/\/sohya.art\/?post_type=product&#038;p=586"},"modified":"2026-03-17T09:34:56","modified_gmt":"2026-03-17T08:34:56","slug":"586","status":"publish","type":"product","link":"https:\/\/sohya.art\/index.php\/produkt\/586\/","title":{"rendered":"SUBTELNO\u015a\u0106"},"content":{"rendered":"","protected":false},"excerpt":{"rendered":"<p>Delikatny, kobiecy ,subtelny naszyjnik podw\u00f3jny , ze szklanych koralik\u00f3w w kolorze be\u017cowym z kamieniem naturalnym cytryn oraz zawieszk\u0105 ze stali nierdzewnej w kszta\u0142cie s\u0142o\u0144ca, komponuje si\u0119 wyj\u0105tkowo z \u0142a\u0144cuszkiem ze stali nierdzewnej koloru z\u0142otego z kamieniami naturalnymi hematyt, cytryn, piasek pustyni.<br \/>\n<img decoding=\"async\" class=\"emoji\" role=\"img\" draggable=\"false\" src=\"https:\/\/s.w.org\/images\/core\/emoji\/17.0.2\/svg\/1f9e1.svg\" alt=\"&#x1f9e1;\" \/>Hematyt\u00a0 doskona\u0142y jako kryszta\u0142 ugruntowuj\u0105cy, niweluje l\u0119ki przed nowo\u015bciami oraz uwalnia od mentalnych ogranicze\u0144 powstrzymuj\u0105cych przed podejmowaniem w \u017cyciu nowych zada\u0144.<br \/>\n<img decoding=\"async\" class=\"emoji\" role=\"img\" draggable=\"false\" src=\"https:\/\/s.w.org\/images\/core\/emoji\/17.0.2\/svg\/1f90e.svg\" alt=\"&#x1f90e;\" \/>Piasek pustyni wspieraj\u0105cych pewno\u015b\u0107 siebie, optymizm i redukcj\u0119 stresu. Przyci\u0105ga finanse i szcz\u0119cie.<br \/>\n<img decoding=\"async\" class=\"emoji\" style=\"background-color: #ffffff;\" role=\"img\" draggable=\"false\" src=\"https:\/\/s.w.org\/images\/core\/emoji\/17.0.2\/svg\/1f9e1.svg\" alt=\"&#x1f9e1;\" \/>Cytrnyn kamie\u0144 sukcesu i obfito\u015bci, kt\u00f3ry przyci\u0105ga pomy\u015blno\u015b\u0107 materialn\u0105, rado\u015b\u0107 oraz pozytywn\u0105 energi\u0119. Wzmacnia pewno\u015b\u0107 siebie, stymuluje kreatywno\u015b\u0107, dzia\u0142a antydepresyjnie i wspiera witalno\u015b\u0107, redukuj\u0105c zm\u0119czenie.Dobrze go nosi\u0107 gdy rozpoczyna sie nowy projekt w \u017cyciu b\u0105d\u017a rozwija sw\u00f3j nowy biznes.<\/p>\n<p><em>&#x2665; Bi\u017cuteria kt\u00f3r\u0105 tworze jest robiona r\u0119cznie z uwag\u0105, ogromn\u0105 staranno\u015bci\u0105, delikatno\u015bci\u0105 i uwa\u017cno\u015bci\u0105. Jest wyj\u0105tkowa i unikalna mo\u017ce si\u0119 od siebie minimalnie r\u00f3\u017cni\u0107.<\/em><br \/>\n<em>&#x2665; Ka\u017cdy kamie\u0144 naturalny jest inny, tak jak ka\u017cdy cz\u0142owiek jest inny ,stworzony przez natur\u0119.<br \/>\n&#x2665;\u00a0 Je\u017celi marzy Ci si\u0119 bi\u017cuteria na zam\u00f3wienie, napisz do mnie jakie kolory, jakie kamienie s\u0105 Twoje ulubione a ja ch\u0119tnie stworz\u0119 dla Ciebie wyj\u0105tkow\u0105 ,indywidualn\u0105 i dopasowane do twoich potrzeb bi\u017cuteri\u0119.\u00a0<\/em><br \/>\n<em>&#x2665; W zestawie bi\u017cuteria jest taniej, przy\u00a0 zam\u00f3wieniu naszyjnika, podw\u00f3jna bransoletka -15 z\u0142 (u\u017cyj kodu BRANSOLETKA15)<\/em><br \/>\n<em>&#x2665;\u00a0Darmowa przesy\u0142ka od 190 z\u0142.<\/em><\/p>\n","protected":false},"featured_media":736,"comment_status":"closed","ping_status":"closed","template":"","meta":[],"product_brand":[],"product_cat":[22],"product_tag":[100,99,103,102,46,65,105,45,52,48,47,101,104],"class_list":{"0":"post-586","1":"product","2":"type-product","3":"status-publish","4":"has-post-thumbnail","6":"product_cat-naszyjniki","7":"product_tag-cytryn","8":"product_tag-delikatnosc","9":"product_tag-dobrobyt","10":"product_tag-finanse","11":"product_tag-hematyt","12":"product_tag-kobiecosc","13":"product_tag-lanczuszek","14":"product_tag-naszyjnik","15":"product_tag-piasek-pustyni","16":"product_tag-slonce","17":"product_tag-stal-nierdzewna","18":"product_tag-sukces","19":"product_tag-zloto","21":"first","22":"instock","23":"shipping-taxable","24":"purchasable","25":"product-type-simple"},"_links":{"self":[{"href":"https:\/\/sohya.art\/index.php\/wp-json\/wp\/v2\/product\/586","targetHints":{"allow":["GET"]}}],"collection":[{"href":"https:\/\/sohya.art\/index.php\/wp-json\/wp\/v2\/product"}],"about":[{"href":"https:\/\/sohya.art\/index.php\/wp-json\/wp\/v2\/types\/product"}],"replies":[{"embeddable":true,"href":"https:\/\/sohya.art\/index.php\/wp-json\/wp\/v2\/comments?post=586"}],"wp:featuredmedia":[{"embeddable":true,"href":"https:\/\/sohya.art\/index.php\/wp-json\/wp\/v2\/media\/736"}],"wp:attachment":[{"href":"https:\/\/sohya.art\/index.php\/wp-json\/wp\/v2\/media?parent=586"}],"wp:term":[{"taxonomy":"product_brand","embeddable":true,"href":"https:\/\/sohya.art\/index.php\/wp-json\/wp\/v2\/product_brand?post=586"},{"taxonomy":"product_cat","embeddable":true,"href":"https:\/\/sohya.art\/index.php\/wp-json\/wp\/v2\/product_cat?post=586"},{"taxonomy":"product_tag","embeddable":true,"href":"https:\/\/sohya.art\/index.php\/wp-json\/wp\/v2\/product_tag?post=586"}],"curies":[{"name":"wp","href":"https:\/\/api.w.org\/{rel}","templated":true}]}}