{"id":574,"date":"2026-01-21T22:25:24","date_gmt":"2026-01-21T21:25:24","guid":{"rendered":"https:\/\/sohya.art\/?post_type=product&#038;p=574"},"modified":"2026-01-21T22:25:24","modified_gmt":"2026-01-21T21:25:24","slug":"brazy","status":"publish","type":"product","link":"https:\/\/sohya.art\/index.php\/produkt\/brazy\/","title":{"rendered":"BR\u0104ZY"},"content":{"rendered":"","protected":false},"excerpt":{"rendered":"<p>bransoletka na gumce w kolorach br\u0105zu z kamieniami naturalnymi ;<br \/>\n&#x1f5a4;czarny turmalin wzmacnia ochron\u0119 przed negatywna energi\u0105, \u0142agodzi niepok\u00f3j i pomaga uwolni\u0107 napi\u0119cia.Zwieksza umiej\u0119tno\u015b\u0107 wsp\u00f3\u0142dzia\u0142ania.<br \/>\n&#x1f90e; tygrysie oko kryszta\u0142 ten daje energi\u0119 do sprostania wa\u017cnym zadaniom \u017cyciowym, nape\u0142nia optymizmem i wewn\u0119trzn\u0105 dyscyplin\u0105. Daje jasno\u015b\u0107 w kwestii jak praktycznie dzia\u0142a\u0107 by osi\u0105gn\u0105\u0107 cel.<\/p>\n<p>&#x1f90e; hematyt utrzymuje r\u00f3wnowag\u0119 i skupienie, zwi\u0119ksza odporno\u015b\u0107<\/p>\n<div dir=\"auto\"><\/div>\n<p>&nbsp;<\/p>\n","protected":false},"featured_media":575,"comment_status":"closed","ping_status":"closed","template":"","meta":[],"product_brand":[],"product_cat":[23,27],"product_tag":[41,83,46,59,62],"class_list":{"0":"post-574","1":"product","2":"type-product","3":"status-publish","4":"has-post-thumbnail","6":"product_cat-bransoletki","7":"product_cat-pojedyncze-na-gumce","8":"product_tag-bransoletka","9":"product_tag-braz","10":"product_tag-hematyt","11":"product_tag-turmalin","12":"product_tag-tygrysie-oko","14":"first","15":"instock","16":"shipping-taxable","17":"purchasable","18":"product-type-simple"},"_links":{"self":[{"href":"https:\/\/sohya.art\/index.php\/wp-json\/wp\/v2\/product\/574","targetHints":{"allow":["GET"]}}],"collection":[{"href":"https:\/\/sohya.art\/index.php\/wp-json\/wp\/v2\/product"}],"about":[{"href":"https:\/\/sohya.art\/index.php\/wp-json\/wp\/v2\/types\/product"}],"replies":[{"embeddable":true,"href":"https:\/\/sohya.art\/index.php\/wp-json\/wp\/v2\/comments?post=574"}],"wp:featuredmedia":[{"embeddable":true,"href":"https:\/\/sohya.art\/index.php\/wp-json\/wp\/v2\/media\/575"}],"wp:attachment":[{"href":"https:\/\/sohya.art\/index.php\/wp-json\/wp\/v2\/media?parent=574"}],"wp:term":[{"taxonomy":"product_brand","embeddable":true,"href":"https:\/\/sohya.art\/index.php\/wp-json\/wp\/v2\/product_brand?post=574"},{"taxonomy":"product_cat","embeddable":true,"href":"https:\/\/sohya.art\/index.php\/wp-json\/wp\/v2\/product_cat?post=574"},{"taxonomy":"product_tag","embeddable":true,"href":"https:\/\/sohya.art\/index.php\/wp-json\/wp\/v2\/product_tag?post=574"}],"curies":[{"name":"wp","href":"https:\/\/api.w.org\/{rel}","templated":true}]}}