{"id":570,"date":"2026-01-21T22:11:17","date_gmt":"2026-01-21T21:11:17","guid":{"rendered":"https:\/\/sohya.art\/?post_type=product&#038;p=570"},"modified":"2026-01-21T22:11:18","modified_gmt":"2026-01-21T21:11:18","slug":"dzikosc","status":"publish","type":"product","link":"https:\/\/sohya.art\/index.php\/produkt\/dzikosc\/","title":{"rendered":"DZIKO\u015a\u0106"},"content":{"rendered":"","protected":false},"excerpt":{"rendered":"<p>kolczyki z kamieniami naturalnymi<br \/>\n&#x1f5a4;turmalin uspokaja ,pomaga w trudnych chwilach, eliminuje napi\u0119cia<br \/>\n&#x1f90e; tygrysie oko kryszta\u0142 ten daje energi\u0119 do sprostania wa\u017cnym zadaniom \u017cyciowym, nape\u0142nia optymizmem i wewn\u0119trzn\u0105 dyscyplin\u0105. Daje jasno\u015b\u0107 w kwestii jak praktycznie dzia\u0142a\u0107 by osi\u0105gn\u0105\u0107 cel.<\/p>\n<div dir=\"auto\"><\/div>\n","protected":false},"featured_media":571,"comment_status":"closed","ping_status":"closed","template":"","meta":[],"product_brand":[],"product_cat":[24],"product_tag":[91,96,83,95,76,65,59,62],"class_list":{"0":"post-570","1":"product","2":"type-product","3":"status-publish","4":"has-post-thumbnail","6":"product_cat-kolczyki","7":"product_tag-bez","8":"product_tag-boho","9":"product_tag-braz","10":"product_tag-czern","11":"product_tag-dzikosc","12":"product_tag-kobiecosc","13":"product_tag-turmalin","14":"product_tag-tygrysie-oko","16":"first","17":"instock","18":"shipping-taxable","19":"purchasable","20":"product-type-simple"},"_links":{"self":[{"href":"https:\/\/sohya.art\/index.php\/wp-json\/wp\/v2\/product\/570","targetHints":{"allow":["GET"]}}],"collection":[{"href":"https:\/\/sohya.art\/index.php\/wp-json\/wp\/v2\/product"}],"about":[{"href":"https:\/\/sohya.art\/index.php\/wp-json\/wp\/v2\/types\/product"}],"replies":[{"embeddable":true,"href":"https:\/\/sohya.art\/index.php\/wp-json\/wp\/v2\/comments?post=570"}],"wp:featuredmedia":[{"embeddable":true,"href":"https:\/\/sohya.art\/index.php\/wp-json\/wp\/v2\/media\/571"}],"wp:attachment":[{"href":"https:\/\/sohya.art\/index.php\/wp-json\/wp\/v2\/media?parent=570"}],"wp:term":[{"taxonomy":"product_brand","embeddable":true,"href":"https:\/\/sohya.art\/index.php\/wp-json\/wp\/v2\/product_brand?post=570"},{"taxonomy":"product_cat","embeddable":true,"href":"https:\/\/sohya.art\/index.php\/wp-json\/wp\/v2\/product_cat?post=570"},{"taxonomy":"product_tag","embeddable":true,"href":"https:\/\/sohya.art\/index.php\/wp-json\/wp\/v2\/product_tag?post=570"}],"curies":[{"name":"wp","href":"https:\/\/api.w.org\/{rel}","templated":true}]}}