{"id":568,"date":"2026-01-21T22:00:05","date_gmt":"2026-01-21T21:00:05","guid":{"rendered":"https:\/\/sohya.art\/?post_type=product&#038;p=568"},"modified":"2026-02-25T17:04:06","modified_gmt":"2026-02-25T16:04:06","slug":"serce-tygrysie-oko","status":"publish","type":"product","link":"https:\/\/sohya.art\/index.php\/produkt\/serce-tygrysie-oko\/","title":{"rendered":"SERCE TYGRYSIE OKO"},"content":{"rendered":"","protected":false},"excerpt":{"rendered":"<p>bransoletka podw\u00f3jna be\u017c z br\u0105zem z karmieniami naturalnymi<br \/>\n&#x1f90e; <strong>hematyt<\/strong> utrzymuje r\u00f3wnowag\u0119 i skupienie, zwi\u0119ksza odporno\u015b\u0107<br \/>\n&#x1f5a4;<strong>turmalin<\/strong> uspokaja ,pomaga w trudnych chwilach, eliminuje napi\u0119cia<br \/>\n&#x1f90e;<strong>tygrysie oko<\/strong> kryszta\u0142 ten daje energi\u0119 do sprostania wa\u017cnym zadaniom \u017cyciowym, nape\u0142nia optymizmem i wewn\u0119trzn\u0105 dyscyplin\u0105. Daje jasno\u015b\u0107 w kwestii jak praktycznie dzia\u0142a\u0107 by osi\u0105gn\u0105\u0107 cel.<\/p>\n<div dir=\"auto\"><\/div>\n","protected":false},"featured_media":569,"comment_status":"closed","ping_status":"closed","template":"","meta":[],"product_brand":[],"product_cat":[23,26],"product_tag":[91,83,46,42,65,63,59,62],"class_list":{"0":"post-568","1":"product","2":"type-product","3":"status-publish","4":"has-post-thumbnail","6":"product_cat-bransoletki","7":"product_cat-podwojne","8":"product_tag-bez","9":"product_tag-braz","10":"product_tag-hematyt","11":"product_tag-kamienie-naturalne","12":"product_tag-kobiecosc","13":"product_tag-serce","14":"product_tag-turmalin","15":"product_tag-tygrysie-oko","17":"first","18":"instock","19":"shipping-taxable","20":"purchasable","21":"product-type-simple"},"_links":{"self":[{"href":"https:\/\/sohya.art\/index.php\/wp-json\/wp\/v2\/product\/568","targetHints":{"allow":["GET"]}}],"collection":[{"href":"https:\/\/sohya.art\/index.php\/wp-json\/wp\/v2\/product"}],"about":[{"href":"https:\/\/sohya.art\/index.php\/wp-json\/wp\/v2\/types\/product"}],"replies":[{"embeddable":true,"href":"https:\/\/sohya.art\/index.php\/wp-json\/wp\/v2\/comments?post=568"}],"wp:featuredmedia":[{"embeddable":true,"href":"https:\/\/sohya.art\/index.php\/wp-json\/wp\/v2\/media\/569"}],"wp:attachment":[{"href":"https:\/\/sohya.art\/index.php\/wp-json\/wp\/v2\/media?parent=568"}],"wp:term":[{"taxonomy":"product_brand","embeddable":true,"href":"https:\/\/sohya.art\/index.php\/wp-json\/wp\/v2\/product_brand?post=568"},{"taxonomy":"product_cat","embeddable":true,"href":"https:\/\/sohya.art\/index.php\/wp-json\/wp\/v2\/product_cat?post=568"},{"taxonomy":"product_tag","embeddable":true,"href":"https:\/\/sohya.art\/index.php\/wp-json\/wp\/v2\/product_tag?post=568"}],"curies":[{"name":"wp","href":"https:\/\/api.w.org\/{rel}","templated":true}]}}