{"id":566,"date":"2026-01-21T21:51:16","date_gmt":"2026-01-21T20:51:16","guid":{"rendered":"https:\/\/sohya.art\/?post_type=product&#038;p=566"},"modified":"2026-01-21T21:52:01","modified_gmt":"2026-01-21T20:52:01","slug":"ksiezyc","status":"publish","type":"product","link":"https:\/\/sohya.art\/index.php\/produkt\/ksiezyc\/","title":{"rendered":"KSI\u0118\u017bYC"},"content":{"rendered":"","protected":false},"excerpt":{"rendered":"<p>bransoletka podw\u00f3jna z kamieniami naturalnymi<br \/>\n&#x1f90d;<strong>kamie\u0144 ksi\u0119\u017cycowy\u00a0<\/strong> kamie\u0144 p\u0142odno\u015bci wzmacnia kobieco\u015b\u0107, pomaga \u0142agodzi\u0107 stres i l\u0119ki, jest kamieniem kt\u00f3ry warto zabra\u0107 ze sob\u0105 w podr\u00f3\u017c<br \/>\n&#x1f90e; <strong>hematyt<\/strong> utrzymuje r\u00f3wnowag\u0119 i skupienie, zwi\u0119ksza odporno\u015b\u0107<br \/>\n&#x1f90e;<strong>tygrysie oko<\/strong> kryszta\u0142 ten daje energi\u0119 do sprostania wa\u017cnym zadaniom \u017cyciowym, nape\u0142nia optymizmem i wewn\u0119trzn\u0105 dyscyplin\u0105. Daje jasno\u015b\u0107 w kwestii jak praktycznie dzia\u0142a\u0107 by osi\u0105gn\u0105\u0107 cel.<\/p>\n<div dir=\"auto\"><\/div>\n<p>&nbsp;<\/p>\n","protected":false},"featured_media":567,"comment_status":"closed","ping_status":"closed","template":"","meta":[],"product_brand":[],"product_cat":[23,26],"product_tag":[91,94,60,65,62],"class_list":{"0":"post-566","1":"product","2":"type-product","3":"status-publish","4":"has-post-thumbnail","6":"product_cat-bransoletki","7":"product_cat-podwojne","8":"product_tag-bez","9":"product_tag-biel","10":"product_tag-kamien-ksiezycowy","11":"product_tag-kobiecosc","12":"product_tag-tygrysie-oko","14":"first","15":"instock","16":"shipping-taxable","17":"purchasable","18":"product-type-simple"},"_links":{"self":[{"href":"https:\/\/sohya.art\/index.php\/wp-json\/wp\/v2\/product\/566","targetHints":{"allow":["GET"]}}],"collection":[{"href":"https:\/\/sohya.art\/index.php\/wp-json\/wp\/v2\/product"}],"about":[{"href":"https:\/\/sohya.art\/index.php\/wp-json\/wp\/v2\/types\/product"}],"replies":[{"embeddable":true,"href":"https:\/\/sohya.art\/index.php\/wp-json\/wp\/v2\/comments?post=566"}],"wp:featuredmedia":[{"embeddable":true,"href":"https:\/\/sohya.art\/index.php\/wp-json\/wp\/v2\/media\/567"}],"wp:attachment":[{"href":"https:\/\/sohya.art\/index.php\/wp-json\/wp\/v2\/media?parent=566"}],"wp:term":[{"taxonomy":"product_brand","embeddable":true,"href":"https:\/\/sohya.art\/index.php\/wp-json\/wp\/v2\/product_brand?post=566"},{"taxonomy":"product_cat","embeddable":true,"href":"https:\/\/sohya.art\/index.php\/wp-json\/wp\/v2\/product_cat?post=566"},{"taxonomy":"product_tag","embeddable":true,"href":"https:\/\/sohya.art\/index.php\/wp-json\/wp\/v2\/product_tag?post=566"}],"curies":[{"name":"wp","href":"https:\/\/api.w.org\/{rel}","templated":true}]}}