{"id":564,"date":"2026-01-21T21:44:19","date_gmt":"2026-01-21T20:44:19","guid":{"rendered":"https:\/\/sohya.art\/?post_type=product&#038;p=564"},"modified":"2026-01-21T21:44:19","modified_gmt":"2026-01-21T20:44:19","slug":"milosc","status":"publish","type":"product","link":"https:\/\/sohya.art\/index.php\/produkt\/milosc\/","title":{"rendered":"MI\u0141O\u015a\u0106"},"content":{"rendered":"","protected":false},"excerpt":{"rendered":"<p>kolczyki per\u0142owo r\u00f3\u017cowe z kamieniem naturalnym<br \/>\n<strong>kwarc r\u00f3\u017cowy<\/strong><br \/>\njest to kamie\u0144 mi\u0142o\u015bci , u\u015bmierza b\u00f3l po zadanych ranach emocjonalnych, wspomaga wykszta\u0142canie mi\u0142o\u015bci do siebie dzi\u0119ki kt\u00f3rej potrafimy bezwarunkowo kocha\u0107 innych.<\/p>\n","protected":false},"featured_media":565,"comment_status":"closed","ping_status":"closed","template":"","meta":[],"product_brand":[],"product_cat":[24],"product_tag":[92,68,64,93],"class_list":{"0":"post-564","1":"product","2":"type-product","3":"status-publish","4":"has-post-thumbnail","6":"product_cat-kolczyki","7":"product_tag-kamieni-naturalne","8":"product_tag-kolczyki","9":"product_tag-kwarc-rozowy","10":"product_tag-roz","12":"first","13":"instock","14":"shipping-taxable","15":"purchasable","16":"product-type-simple"},"_links":{"self":[{"href":"https:\/\/sohya.art\/index.php\/wp-json\/wp\/v2\/product\/564","targetHints":{"allow":["GET"]}}],"collection":[{"href":"https:\/\/sohya.art\/index.php\/wp-json\/wp\/v2\/product"}],"about":[{"href":"https:\/\/sohya.art\/index.php\/wp-json\/wp\/v2\/types\/product"}],"replies":[{"embeddable":true,"href":"https:\/\/sohya.art\/index.php\/wp-json\/wp\/v2\/comments?post=564"}],"wp:featuredmedia":[{"embeddable":true,"href":"https:\/\/sohya.art\/index.php\/wp-json\/wp\/v2\/media\/565"}],"wp:attachment":[{"href":"https:\/\/sohya.art\/index.php\/wp-json\/wp\/v2\/media?parent=564"}],"wp:term":[{"taxonomy":"product_brand","embeddable":true,"href":"https:\/\/sohya.art\/index.php\/wp-json\/wp\/v2\/product_brand?post=564"},{"taxonomy":"product_cat","embeddable":true,"href":"https:\/\/sohya.art\/index.php\/wp-json\/wp\/v2\/product_cat?post=564"},{"taxonomy":"product_tag","embeddable":true,"href":"https:\/\/sohya.art\/index.php\/wp-json\/wp\/v2\/product_tag?post=564"}],"curies":[{"name":"wp","href":"https:\/\/api.w.org\/{rel}","templated":true}]}}