{"id":547,"date":"2026-01-21T13:26:48","date_gmt":"2026-01-21T12:26:48","guid":{"rendered":"https:\/\/sohya.art\/?post_type=product&#038;p=547"},"modified":"2026-02-10T22:55:26","modified_gmt":"2026-02-10T21:55:26","slug":"artysta","status":"publish","type":"product","link":"https:\/\/sohya.art\/index.php\/produkt\/artysta\/","title":{"rendered":"ARTYSTA"},"content":{"rendered":"","protected":false},"excerpt":{"rendered":"<p>Naszyjnik ze szklanych koralik\u00f3w z kamieniami naturalnymi, stworzony z my\u015bl\u0105 dla artysty, wspiera tworzenie dzie\u0142 sztuki &#x1f499;<br \/>\n<img decoding=\"async\" class=\"emoji\" role=\"img\" draggable=\"false\" src=\"https:\/\/s.w.org\/images\/core\/emoji\/17.0.2\/svg\/1fa75.svg\" alt=\"&#x1fa75;\" \/>Amazonit kamie\u0144 prawdy i odwagi, wspiera komunikacj\u0119 i harmoni\u0119 , przynosi szcz\u0119\u015bcie, wzmacnia intuicj\u0119.<br \/>\n<img decoding=\"async\" class=\"emoji\" role=\"img\" draggable=\"false\" src=\"https:\/\/s.w.org\/images\/core\/emoji\/17.0.2\/svg\/1f90e.svg\" alt=\"&#x1f90e;\" \/>Piasek pustyni wspieraj\u0105cych pewno\u015b\u0107 siebie, optymizm i redukcj\u0119 stresu. Przyci\u0105ga finanse i szcz\u0119cie.<br \/>\n&#x1f499;Lapis lazuli \u0142agodzi stres, pomocny w autoekspresji i tw\u00f3rczo\u015bci artystycznej, pobudza nowe obszary \u015bwiadomo\u015bci i wyposa\u017ca w jasno\u015b\u0107 umys\u0142u niezb\u0119dna do skutecznego przekazywania swych do\u015bwiadcze\u0144 innym<br \/>\n&#x1fa75;Apatyt kamie\u0144 motywacji, komunikacji i r\u00f3wnowagi emocjonalnej, kt\u00f3ry wspiera w d\u0105\u017ceniu do cel\u00f3w, podnosi samoocen\u0119 i kreatywno\u015b\u0107, pomagaj\u0105c przezwyci\u0119\u017cy\u0107 apati\u0119 i negatywne my\u015bli.<\/p>\n<p><em>&#x2665; Bi\u017cuteria kt\u00f3r\u0105 tworze jest robiona r\u0119cznie z uwag\u0105, ogromn\u0105 staranno\u015bci\u0105, delikatno\u015bci\u0105 i uwa\u017cno\u015bci\u0105. Jest wyj\u0105tkowa i unikalna mo\u017ce si\u0119 od siebie minimalnie r\u00f3\u017cni\u0107.<\/em><br \/>\n<em>&#x2665; Ka\u017cdy kamie\u0144 naturalny jest inny, tak jak ka\u017cdy cz\u0142owiek jest inny ,stworzony przez natur\u0119.<br \/>\n&#x2665;\u00a0 Je\u017celi marzy Ci si\u0119 bi\u017cuteria na zam\u00f3wienie, napisz do mnie jakie kolory, jakie kamienie s\u0105 Twoje ulubione a ja ch\u0119tnie stworz\u0119 dla Ciebie wyj\u0105tkow\u0105 ,indywidualn\u0105 i dopasowane do twoich potrzeb bi\u017cuteri\u0119.\u00a0<\/em><br \/>\n<em>&#x2665; W zestawie bi\u017cuteria jest taniej, przy\u00a0 zam\u00f3wieniu naszyjnika, podw\u00f3jna bransoletka -15 z\u0142\u00a0<\/em><br \/>\n<em>&#x2665;\u00a0Darmowa przesy\u0142ka od 190 z\u0142.<\/em><\/p>\n","protected":false},"featured_media":549,"comment_status":"closed","ping_status":"closed","template":"","meta":[],"product_brand":[],"product_cat":[22],"product_tag":[84,72,41,83,42,49,52],"class_list":{"0":"post-547","1":"product","2":"type-product","3":"status-publish","4":"has-post-thumbnail","6":"product_cat-naszyjniki","7":"product_tag-amazonit","8":"product_tag-artysta","9":"product_tag-bransoletka","10":"product_tag-braz","11":"product_tag-kamienie-naturalne","12":"product_tag-lapis-lazuli","13":"product_tag-piasek-pustyni","15":"first","16":"instock","17":"shipping-taxable","18":"purchasable","19":"product-type-simple"},"_links":{"self":[{"href":"https:\/\/sohya.art\/index.php\/wp-json\/wp\/v2\/product\/547","targetHints":{"allow":["GET"]}}],"collection":[{"href":"https:\/\/sohya.art\/index.php\/wp-json\/wp\/v2\/product"}],"about":[{"href":"https:\/\/sohya.art\/index.php\/wp-json\/wp\/v2\/types\/product"}],"replies":[{"embeddable":true,"href":"https:\/\/sohya.art\/index.php\/wp-json\/wp\/v2\/comments?post=547"}],"wp:featuredmedia":[{"embeddable":true,"href":"https:\/\/sohya.art\/index.php\/wp-json\/wp\/v2\/media\/549"}],"wp:attachment":[{"href":"https:\/\/sohya.art\/index.php\/wp-json\/wp\/v2\/media?parent=547"}],"wp:term":[{"taxonomy":"product_brand","embeddable":true,"href":"https:\/\/sohya.art\/index.php\/wp-json\/wp\/v2\/product_brand?post=547"},{"taxonomy":"product_cat","embeddable":true,"href":"https:\/\/sohya.art\/index.php\/wp-json\/wp\/v2\/product_cat?post=547"},{"taxonomy":"product_tag","embeddable":true,"href":"https:\/\/sohya.art\/index.php\/wp-json\/wp\/v2\/product_tag?post=547"}],"curies":[{"name":"wp","href":"https:\/\/api.w.org\/{rel}","templated":true}]}}