{"id":540,"date":"2026-01-21T13:06:46","date_gmt":"2026-01-21T12:06:46","guid":{"rendered":"https:\/\/sohya.art\/?post_type=product&#038;p=540"},"modified":"2026-02-23T16:26:21","modified_gmt":"2026-02-23T15:26:21","slug":"potrojny","status":"publish","type":"product","link":"https:\/\/sohya.art\/index.php\/produkt\/potrojny\/","title":{"rendered":"KORZE\u0143 ZIEMI"},"content":{"rendered":"","protected":false},"excerpt":{"rendered":"<p>Korzenie daj\u0105 stabilno\u015b\u0107, z\u0142oto dodaje \u015bwiat\u0142a. Bi\u017cuteria dla kobiet, kt\u00f3re stoj\u0105 pewnie na ziemi, ale \u015bwiec\u0105 w\u0142asnym blaskiem.<br \/>\nNaszyjnik br\u0105zowo czarny ze szklanych koralik\u00f3w z kamieniami naturalnymi :<br \/>\n&#x1f5a4; Czarny turmalin wzmacnia ochron\u0119 przed negatywna energi\u0105, \u0142agodzi niepok\u00f3j i pomaga uwolni\u0107 napi\u0119cia.Zwieksza umiej\u0119tno\u015b\u0107 wsp\u00f3\u0142dzia\u0142ania.<br \/>\n&#x1f90e;Tygrysie oko kryszta\u0142 ten daje energi\u0119 do sprostania wa\u017cnym zadaniom \u017cyciowym, nape\u0142nia optymizmem i wewn\u0119trzn\u0105 dyscyplin\u0105. Daje jasno\u015b\u0107 w kwestii jak praktycznie dzia\u0142a\u0107 by osi\u0105gn\u0105\u0107 cel.<br \/>\n&#x1f90e;Piasek pustyni wspieraj\u0105cych pewno\u015b\u0107 siebie, optymizm i redukcj\u0119 stresu. Przyci\u0105ga finanse i szcz\u0119cie.<\/p>\n<p><em>&#x2665; Bi\u017cuteria kt\u00f3r\u0105 tworze jest robiona r\u0119cznie z uwag\u0105, ogromn\u0105 staranno\u015bci\u0105, delikatno\u015bci\u0105 i uwa\u017cno\u015bci\u0105. Jest wyj\u0105tkowa i unikalna mo\u017ce si\u0119 od siebie minimalnie r\u00f3\u017cni\u0107.<\/em><br \/>\n<em>&#x2665; Ka\u017cdy kamie\u0144 naturalny jest inny, tak jak ka\u017cdy cz\u0142owiek jest inny ,stworzony przez natur\u0119.<br \/>\n&#x2665;\u00a0 Je\u017celi marzy Ci si\u0119 bi\u017cuteria na zam\u00f3wienie, napisz do mnie jakie kolory, jakie kamienie s\u0105 Twoje ulubione a ja ch\u0119tnie stworz\u0119 dla Ciebie wyj\u0105tkow\u0105 ,indywidualn\u0105 i dopasowane do twoich potrzeb bi\u017cuteri\u0119.\u00a0<\/em><br \/>\n<em>&#x2665; W zestawie bi\u017cuteria jest taniej, przy\u00a0 zam\u00f3wieniu naszyjnika, podw\u00f3jna bransoletka -15 z\u0142\u00a0<\/em><br \/>\n<em>&#x2665;\u00a0Darmowa przesy\u0142ka od 190 z\u0142.<\/em><\/p>\n","protected":false},"featured_media":672,"comment_status":"closed","ping_status":"closed","template":"","meta":[],"product_brand":[],"product_cat":[22],"product_tag":[73,42,65,45,52,59,62,117],"class_list":{"0":"post-540","1":"product","2":"type-product","3":"status-publish","4":"has-post-thumbnail","6":"product_cat-naszyjniki","7":"product_tag-eleganckie","8":"product_tag-kamienie-naturalne","9":"product_tag-kobiecosc","10":"product_tag-naszyjnik","11":"product_tag-piasek-pustyni","12":"product_tag-turmalin","13":"product_tag-tygrysie-oko","14":"product_tag-zmyslowosc","16":"first","17":"instock","18":"shipping-taxable","19":"purchasable","20":"product-type-simple"},"_links":{"self":[{"href":"https:\/\/sohya.art\/index.php\/wp-json\/wp\/v2\/product\/540","targetHints":{"allow":["GET"]}}],"collection":[{"href":"https:\/\/sohya.art\/index.php\/wp-json\/wp\/v2\/product"}],"about":[{"href":"https:\/\/sohya.art\/index.php\/wp-json\/wp\/v2\/types\/product"}],"replies":[{"embeddable":true,"href":"https:\/\/sohya.art\/index.php\/wp-json\/wp\/v2\/comments?post=540"}],"wp:featuredmedia":[{"embeddable":true,"href":"https:\/\/sohya.art\/index.php\/wp-json\/wp\/v2\/media\/672"}],"wp:attachment":[{"href":"https:\/\/sohya.art\/index.php\/wp-json\/wp\/v2\/media?parent=540"}],"wp:term":[{"taxonomy":"product_brand","embeddable":true,"href":"https:\/\/sohya.art\/index.php\/wp-json\/wp\/v2\/product_brand?post=540"},{"taxonomy":"product_cat","embeddable":true,"href":"https:\/\/sohya.art\/index.php\/wp-json\/wp\/v2\/product_cat?post=540"},{"taxonomy":"product_tag","embeddable":true,"href":"https:\/\/sohya.art\/index.php\/wp-json\/wp\/v2\/product_tag?post=540"}],"curies":[{"name":"wp","href":"https:\/\/api.w.org\/{rel}","templated":true}]}}