{"id":534,"date":"2026-01-21T13:01:27","date_gmt":"2026-01-21T12:01:27","guid":{"rendered":"https:\/\/sohya.art\/?post_type=product&#038;p=534"},"modified":"2026-04-05T06:16:38","modified_gmt":"2026-04-05T04:16:38","slug":"turmalinlove","status":"publish","type":"product","link":"https:\/\/sohya.art\/index.php\/produkt\/turmalinlove\/","title":{"rendered":"TURMALINLOVE"},"content":{"rendered":"","protected":false},"excerpt":{"rendered":"<p>Naszyjnik mocy ze szklanych czarnych i z\u0142otych koralik\u00f3w oraz z kamieniem naturalnym turmalinem i ksi\u0119\u017cycem ze stali nierdzewnej<\/p>\n<div dir=\"auto\">&#x2665; Czarny turmalin wzmacnia ochron\u0119 przed negatywna energi\u0105, \u0142agodzi niepok\u00f3j i pomaga uwolni\u0107 napi\u0119cia. Zwi\u0119ksza umiej\u0119tno\u015b\u0107 wsp\u00f3\u0142dzia\u0142ania.<\/div>\n<p><em>&#x2665; Bi\u017cuteria kt\u00f3r\u0105 tworze jest robiona r\u0119cznie z uwag\u0105, ogromn\u0105 staranno\u015bci\u0105, delikatno\u015bci\u0105 i uwa\u017cno\u015bci\u0105. Jest wyj\u0105tkowa i unikalna mo\u017ce si\u0119 od siebie minimalnie r\u00f3\u017cni\u0107.<\/em><br \/>\n<em>&#x2665; Ka\u017cdy kamie\u0144 naturalny jest inny, tak jak ka\u017cdy cz\u0142owiek jest inny ,stworzony przez natur\u0119.<br \/>\n&#x2665;\u00a0 Je\u017celi marzy Ci si\u0119 bi\u017cuteria na zam\u00f3wienie, napisz do mnie jakie kolory, jakie kamienie s\u0105 Twoje ulubione a ja ch\u0119tnie stworz\u0119 dla Ciebie wyj\u0105tkow\u0105 ,indywidualn\u0105 i dopasowane do twoich potrzeb bi\u017cuteri\u0119.\u00a0<\/em><br \/>\n<em>&#x2665; W zestawie bi\u017cuteria jest taniej, przy\u00a0 zam\u00f3wieniu naszyjnika, podw\u00f3jna bransoletka -15 z\u0142\u00a0<\/em><br \/>\n<em>&#x2665;\u00a0Darmowa przesy\u0142ka od 190 z\u0142.<\/em><\/p>\n","protected":false},"featured_media":537,"comment_status":"closed","ping_status":"closed","template":"","meta":[],"product_brand":[],"product_cat":[22],"product_tag":[46,42,80,82,45,81,47,59],"class_list":{"0":"post-534","1":"product","2":"type-product","3":"status-publish","4":"has-post-thumbnail","6":"product_cat-naszyjniki","7":"product_tag-hematyt","8":"product_tag-kamienie-naturalne","9":"product_tag-ksiezyc","10":"product_tag-moc","11":"product_tag-naszyjnik","12":"product_tag-noc","13":"product_tag-stal-nierdzewna","14":"product_tag-turmalin","16":"first","17":"instock","18":"shipping-taxable","19":"purchasable","20":"product-type-simple"},"_links":{"self":[{"href":"https:\/\/sohya.art\/index.php\/wp-json\/wp\/v2\/product\/534","targetHints":{"allow":["GET"]}}],"collection":[{"href":"https:\/\/sohya.art\/index.php\/wp-json\/wp\/v2\/product"}],"about":[{"href":"https:\/\/sohya.art\/index.php\/wp-json\/wp\/v2\/types\/product"}],"replies":[{"embeddable":true,"href":"https:\/\/sohya.art\/index.php\/wp-json\/wp\/v2\/comments?post=534"}],"wp:featuredmedia":[{"embeddable":true,"href":"https:\/\/sohya.art\/index.php\/wp-json\/wp\/v2\/media\/537"}],"wp:attachment":[{"href":"https:\/\/sohya.art\/index.php\/wp-json\/wp\/v2\/media?parent=534"}],"wp:term":[{"taxonomy":"product_brand","embeddable":true,"href":"https:\/\/sohya.art\/index.php\/wp-json\/wp\/v2\/product_brand?post=534"},{"taxonomy":"product_cat","embeddable":true,"href":"https:\/\/sohya.art\/index.php\/wp-json\/wp\/v2\/product_cat?post=534"},{"taxonomy":"product_tag","embeddable":true,"href":"https:\/\/sohya.art\/index.php\/wp-json\/wp\/v2\/product_tag?post=534"}],"curies":[{"name":"wp","href":"https:\/\/api.w.org\/{rel}","templated":true}]}}