{"id":514,"date":"2026-01-20T22:21:24","date_gmt":"2026-01-20T21:21:24","guid":{"rendered":"https:\/\/sohya.art\/?post_type=product&#038;p=514"},"modified":"2026-01-20T22:21:24","modified_gmt":"2026-01-20T21:21:24","slug":"kawa-z-mlekiem","status":"publish","type":"product","link":"https:\/\/sohya.art\/index.php\/produkt\/kawa-z-mlekiem\/","title":{"rendered":"KAWA Z MLEKIEM"},"content":{"rendered":"<p><strong>Tygrysie oko<\/strong> kryszta\u0142 ten daje energi\u0119 do sprostania wa\u017cnym zadaniom \u017cyciowym, nape\u0142nia optymizmem i wewn\u0119trzn\u0105 dyscyplin\u0105. Daje jasno\u015b\u0107 w kwestii jak praktycznie dzia\u0142a\u0107 by osi\u0105gn\u0105\u0107 cel.<\/p>\n<div dir=\"auto\"><strong>Hematyt<\/strong> doskona\u0142y jako kryszta\u0142 ugruntowuj\u0105cy, niweluje l\u0119ki przed nowo\u015bciami oraz uwalnia od mentalnych ogranicze\u0144 powstrzymuj\u0105cych przed podejmowaniem w \u017cyciu nowych zada\u0144<\/p>\n<div dir=\"auto\"><\/div>\n<div dir=\"auto\"><\/div>\n<div dir=\"auto\"><strong>Kamie\u0144 ksi\u0119\u017cycowy<\/strong> kamie\u0144 p\u0142odno\u015bci wzmacnia kobieco\u015b\u0107, pomaga \u0142agodzi\u0107 stres i l\u0119ki, jest kamieniem kt\u00f3ry warto zabra\u0107 ze sob\u0105 w podr\u00f3\u017c<\/div>\n<\/div>\n","protected":false},"excerpt":{"rendered":"<p>skrecane kolczyki per\u0142owo br\u0105zowe z kamieniami naturalnymi<\/p>\n","protected":false},"featured_media":515,"comment_status":"closed","ping_status":"closed","template":"","meta":[],"product_brand":[],"product_cat":[24],"product_tag":[46,60,42,65,68,69,62],"class_list":{"0":"post-514","1":"product","2":"type-product","3":"status-publish","4":"has-post-thumbnail","6":"product_cat-kolczyki","7":"product_tag-hematyt","8":"product_tag-kamien-ksiezycowy","9":"product_tag-kamienie-naturalne","10":"product_tag-kobiecosc","11":"product_tag-kolczyki","12":"product_tag-podroz","13":"product_tag-tygrysie-oko","15":"first","16":"instock","17":"shipping-taxable","18":"purchasable","19":"product-type-simple"},"_links":{"self":[{"href":"https:\/\/sohya.art\/index.php\/wp-json\/wp\/v2\/product\/514","targetHints":{"allow":["GET"]}}],"collection":[{"href":"https:\/\/sohya.art\/index.php\/wp-json\/wp\/v2\/product"}],"about":[{"href":"https:\/\/sohya.art\/index.php\/wp-json\/wp\/v2\/types\/product"}],"replies":[{"embeddable":true,"href":"https:\/\/sohya.art\/index.php\/wp-json\/wp\/v2\/comments?post=514"}],"wp:featuredmedia":[{"embeddable":true,"href":"https:\/\/sohya.art\/index.php\/wp-json\/wp\/v2\/media\/515"}],"wp:attachment":[{"href":"https:\/\/sohya.art\/index.php\/wp-json\/wp\/v2\/media?parent=514"}],"wp:term":[{"taxonomy":"product_brand","embeddable":true,"href":"https:\/\/sohya.art\/index.php\/wp-json\/wp\/v2\/product_brand?post=514"},{"taxonomy":"product_cat","embeddable":true,"href":"https:\/\/sohya.art\/index.php\/wp-json\/wp\/v2\/product_cat?post=514"},{"taxonomy":"product_tag","embeddable":true,"href":"https:\/\/sohya.art\/index.php\/wp-json\/wp\/v2\/product_tag?post=514"}],"curies":[{"name":"wp","href":"https:\/\/api.w.org\/{rel}","templated":true}]}}