{"id":498,"date":"2026-01-20T17:12:21","date_gmt":"2026-01-20T16:12:21","guid":{"rendered":"https:\/\/sohya.art\/?post_type=product&#038;p=498"},"modified":"2026-02-10T23:11:03","modified_gmt":"2026-02-10T22:11:03","slug":"wodnik","status":"publish","type":"product","link":"https:\/\/sohya.art\/index.php\/produkt\/wodnik\/","title":{"rendered":"WODNIK"},"content":{"rendered":"","protected":false},"excerpt":{"rendered":"<p>Naszyjnik podw\u00f3jny ze szklanych koralik\u00f3w z kamieniami naturalnymi &#x1f48e;Spersonalizowany dla wodnika&#x2652;<\/p>\n<p>Kolory Wodnika to<br \/>\n&#x1fa75; b\u0142\u0119kity i turkusy symbolizuj\u0105ce wolno\u015b\u0107, innowacj\u0119 i intuicj\u0119<br \/>\n&#x1f49c;&#x1fa77;fiolet i r\u00f3\u017c opowiada o oryginalno\u015bci<br \/>\n&#x1f49a;zielony to nowoczesno\u015b\u0107 i uzdrawianie<br \/>\nTe barwy podkre\u015blaj\u0105 niezale\u017cny, wizjonerski i kreatywny charakter wodnika a tak\u017ce zwi\u0105zek z \u017cywio\u0142em powietrza<\/p>\n<p>Dla Wodnika &#x2652; idealne s\u0105 kamienie &#x1f48e;<br \/>\n&#x1fa77;ametyst wspiera spok\u00f3j i duchowo\u015b\u0107<br \/>\n&#x1f49a; labradoryt rozwija intuicje i kreatywno\u015b\u0107<br \/>\n&#x1fa75;turkus wspiera kreatywno\u015b\u0107 oraz znalezienie w\u0142a\u015bnie drogi \u017cyciowej<br \/>\n&#x1f499;amazonit wzmacnia intuicj\u0119 kamie\u0144 prawdy i odwagi<\/p>\n<p><em>&#x2665; Bi\u017cuteria kt\u00f3r\u0105 tworze jest robiona r\u0119cznie z uwag\u0105, ogromn\u0105 staranno\u015bci\u0105, delikatno\u015bci\u0105 i uwa\u017cno\u015bci\u0105. Jest wyj\u0105tkowa i unikalna mo\u017ce si\u0119 od siebie minimalnie r\u00f3\u017cni\u0107.<\/em><br \/>\n<em>&#x2665; Ka\u017cdy kamie\u0144 naturalny jest inny, tak jak ka\u017cdy cz\u0142owiek jest inny ,stworzony przez natur\u0119.<br \/>\n&#x2665;\u00a0 Je\u017celi marzy Ci si\u0119 bi\u017cuteria na zam\u00f3wienie, napisz do mnie jakie kolory, jakie kamienie s\u0105 Twoje ulubione a ja ch\u0119tnie stworz\u0119 dla Ciebie wyj\u0105tkow\u0105 ,indywidualn\u0105 i dopasowane do twoich potrzeb bi\u017cuteri\u0119.\u00a0<\/em><br \/>\n<em>&#x2665; W zestawie bi\u017cuteria jest taniej, przy\u00a0 zam\u00f3wieniu naszyjnika, podw\u00f3jna bransoletka -15 z\u0142\u00a0<\/em><br \/>\n<em>&#x2665;\u00a0Darmowa przesy\u0142ka od 190 z\u0142.<\/em><\/p>\n","protected":false},"featured_media":432,"comment_status":"closed","ping_status":"closed","template":"","meta":[],"product_brand":[],"product_cat":[22],"product_tag":[55,43,42,54,45,56,44,57],"class_list":{"0":"post-498","1":"product","2":"type-product","3":"status-publish","4":"has-post-thumbnail","6":"product_cat-naszyjniki","7":"product_tag-amaznonit","8":"product_tag-ametyst","9":"product_tag-kamienie-naturalne","10":"product_tag-labradoryt","11":"product_tag-naszyjnik","12":"product_tag-turkus","13":"product_tag-wodnik","14":"product_tag-znak-zodiaku","16":"first","17":"instock","18":"shipping-taxable","19":"purchasable","20":"product-type-simple"},"_links":{"self":[{"href":"https:\/\/sohya.art\/index.php\/wp-json\/wp\/v2\/product\/498","targetHints":{"allow":["GET"]}}],"collection":[{"href":"https:\/\/sohya.art\/index.php\/wp-json\/wp\/v2\/product"}],"about":[{"href":"https:\/\/sohya.art\/index.php\/wp-json\/wp\/v2\/types\/product"}],"replies":[{"embeddable":true,"href":"https:\/\/sohya.art\/index.php\/wp-json\/wp\/v2\/comments?post=498"}],"wp:featuredmedia":[{"embeddable":true,"href":"https:\/\/sohya.art\/index.php\/wp-json\/wp\/v2\/media\/432"}],"wp:attachment":[{"href":"https:\/\/sohya.art\/index.php\/wp-json\/wp\/v2\/media?parent=498"}],"wp:term":[{"taxonomy":"product_brand","embeddable":true,"href":"https:\/\/sohya.art\/index.php\/wp-json\/wp\/v2\/product_brand?post=498"},{"taxonomy":"product_cat","embeddable":true,"href":"https:\/\/sohya.art\/index.php\/wp-json\/wp\/v2\/product_cat?post=498"},{"taxonomy":"product_tag","embeddable":true,"href":"https:\/\/sohya.art\/index.php\/wp-json\/wp\/v2\/product_tag?post=498"}],"curies":[{"name":"wp","href":"https:\/\/api.w.org\/{rel}","templated":true}]}}