{"id":494,"date":"2026-01-20T16:05:18","date_gmt":"2026-01-20T15:05:18","guid":{"rendered":"https:\/\/sohya.art\/?post_type=product&#038;p=494"},"modified":"2026-02-17T11:58:40","modified_gmt":"2026-02-17T10:58:40","slug":"serce-i-piasek-pustyni","status":"publish","type":"product","link":"https:\/\/sohya.art\/index.php\/produkt\/serce-i-piasek-pustyni\/","title":{"rendered":"SERCE &#038; PIASEK PUSTYNI"},"content":{"rendered":"","protected":false},"excerpt":{"rendered":"<p>Naszyjnik ze szklanych koralik\u00f3w z serce z masy per\u0142owej oraz kamieniem piasek pustyni<br \/>\n&#x1f90e;Piasek pustyni to kamie\u0144 syntetyczny, a nie naturalny minera\u0142, b\u0119d\u0105cy rodzajem szk\u0142a awenturynowego, kt\u00f3ry dzi\u0119ki drobinkom miedzi i innych metali zjawiskowo mieni si\u0119 w \u015bwietle, przypominaj\u0105c piasek w s\u0142o\u0144cu. Nazywany jest te\u017c kamieniem tysi\u0105ca s\u0142o\u0144c i przypisuje mu si\u0119 w\u0142a\u015bciwo\u015bci wzmacniania pewno\u015bci siebie, odwagi, przyci\u0105gania szcz\u0119\u015bcia i sukcesu, a tak\u017ce wspierania optymizmu<\/p>\n<p><em>&#x2665; Bi\u017cuteria kt\u00f3r\u0105 tworze jest robiona r\u0119cznie z uwag\u0105, ogromn\u0105 staranno\u015bci\u0105, delikatno\u015bci\u0105 i uwa\u017cno\u015bci\u0105. Jest wyj\u0105tkowa i unikalna mo\u017ce si\u0119 od siebie minimalnie r\u00f3\u017cni\u0107.<\/em><br \/>\n<em>&#x2665; Ka\u017cdy kamie\u0144 naturalny jest inny, tak jak ka\u017cdy cz\u0142owiek jest inny ,stworzony przez natur\u0119.<br \/>\n&#x2665;\u00a0 Je\u017celi marzy Ci si\u0119 bi\u017cuteria na zam\u00f3wienie, napisz do mnie jakie kolory, jakie kamienie s\u0105 Twoje ulubione a ja ch\u0119tnie stworz\u0119 dla Ciebie wyj\u0105tkow\u0105 ,indywidualn\u0105 i dopasowane do twoich potrzeb bi\u017cuteri\u0119.\u00a0<\/em><br \/>\n<em>&#x2665; W zestawie bi\u017cuteria jest taniej, przy\u00a0 zam\u00f3wieniu naszyjnika, podw\u00f3jna bransoletka -15 z\u0142\u00a0<\/em><br \/>\n<em>&#x2665;\u00a0Darmowa przesy\u0142ka od 190 z\u0142.<\/em><\/p>\n","protected":false},"featured_media":762,"comment_status":"closed","ping_status":"closed","template":"","meta":[],"product_brand":[],"product_cat":[22],"product_tag":[42,53,45,52,51],"class_list":{"0":"post-494","1":"product","2":"type-product","3":"status-publish","4":"has-post-thumbnail","6":"product_cat-naszyjniki","7":"product_tag-kamienie-naturalne","8":"product_tag-masa-perlowa","9":"product_tag-naszyjnik","10":"product_tag-piasek-pustyni","11":"product_tag-szklane-koraliki","13":"first","14":"instock","15":"shipping-taxable","16":"purchasable","17":"product-type-simple"},"_links":{"self":[{"href":"https:\/\/sohya.art\/index.php\/wp-json\/wp\/v2\/product\/494","targetHints":{"allow":["GET"]}}],"collection":[{"href":"https:\/\/sohya.art\/index.php\/wp-json\/wp\/v2\/product"}],"about":[{"href":"https:\/\/sohya.art\/index.php\/wp-json\/wp\/v2\/types\/product"}],"replies":[{"embeddable":true,"href":"https:\/\/sohya.art\/index.php\/wp-json\/wp\/v2\/comments?post=494"}],"wp:featuredmedia":[{"embeddable":true,"href":"https:\/\/sohya.art\/index.php\/wp-json\/wp\/v2\/media\/762"}],"wp:attachment":[{"href":"https:\/\/sohya.art\/index.php\/wp-json\/wp\/v2\/media?parent=494"}],"wp:term":[{"taxonomy":"product_brand","embeddable":true,"href":"https:\/\/sohya.art\/index.php\/wp-json\/wp\/v2\/product_brand?post=494"},{"taxonomy":"product_cat","embeddable":true,"href":"https:\/\/sohya.art\/index.php\/wp-json\/wp\/v2\/product_cat?post=494"},{"taxonomy":"product_tag","embeddable":true,"href":"https:\/\/sohya.art\/index.php\/wp-json\/wp\/v2\/product_tag?post=494"}],"curies":[{"name":"wp","href":"https:\/\/api.w.org\/{rel}","templated":true}]}}