{"id":487,"date":"2026-01-20T15:15:23","date_gmt":"2026-01-20T14:15:23","guid":{"rendered":"https:\/\/sohya.art\/?post_type=product&#038;p=487"},"modified":"2026-04-05T06:07:40","modified_gmt":"2026-04-05T04:07:40","slug":"naszyjnik-slonce","status":"publish","type":"product","link":"https:\/\/sohya.art\/index.php\/produkt\/naszyjnik-slonce\/","title":{"rendered":"S\u0141O\u0143CE"},"content":{"rendered":"","protected":false},"excerpt":{"rendered":"<p>Naszyjnik ze szklanych koralik\u00f3w z kamienami naturalnymi heamty oraz z zawieszk\u0105 s\u0142o\u0144ce ze stali nierdzewnej<br \/>\n<strong>S\u0142o\u0144ce to symbol<\/strong> :<br \/>\n&#x2600;&#xfe0f;<em>energi i \u017cycia<\/em><br \/>\n&#x2600;&#xfe0f;<em>o\u015bwiecenia, prawdy i m\u0105dro\u015bci<\/em><br \/>\n&#x2600;&#xfe0f;<em>odrodzenia, nadziei i nowego pocz\u0105tku<\/em><br \/>\n&#x2600;&#xfe0f;<em>cykliczno\u015bci<\/em><\/p>\n<p><strong>&#x1f90e;<\/strong>Hematyt doskona\u0142y jako kryszta\u0142 ugruntowuj\u0105cy, niweluje l\u0119ki przed nowo\u015bciami oraz uwalnia od mentalnych ogranicze\u0144 powstrzymuj\u0105cych przed podejmowaniem w \u017cyciu nowych zada\u0144<\/p>\n<p><em>&#x2665; Bi\u017cuteria kt\u00f3r\u0105 tworze jest robiona r\u0119cznie z uwag\u0105, ogromn\u0105 staranno\u015bci\u0105, delikatno\u015bci\u0105 i uwa\u017cno\u015bci\u0105. Jest wyj\u0105tkowa i unikalna mo\u017ce si\u0119 od siebie minimalnie r\u00f3\u017cni\u0107.<\/em><br \/>\n<em>&#x2665; Ka\u017cdy kamie\u0144 naturalny jest inny, tak jak ka\u017cdy cz\u0142owiek jest inny ,stworzony przez natur\u0119.<br \/>\n&#x2665;\u00a0 Je\u017celi marzy Ci si\u0119 bi\u017cuteria na zam\u00f3wienie, napisz do mnie jakie kolory, jakie kamienie s\u0105 Twoje ulubione a ja ch\u0119tnie stworz\u0119 dla Ciebie wyj\u0105tkow\u0105 ,indywidualn\u0105 i dopasowane do twoich potrzeb bi\u017cuteri\u0119.\u00a0<\/em><br \/>\n<em>&#x2665; W zestawie bi\u017cuteria jest taniej, przy\u00a0 zam\u00f3wieniu naszyjnika, podw\u00f3jna bransoletka -15 z\u0142\u00a0<\/em><br \/>\n<em>&#x2665;\u00a0Darmowa przesy\u0142ka od 190 z\u0142.<\/em><\/p>\n","protected":false},"featured_media":488,"comment_status":"closed","ping_status":"closed","template":"","meta":[],"product_brand":[],"product_cat":[22],"product_tag":[46,45,48,47],"class_list":{"0":"post-487","1":"product","2":"type-product","3":"status-publish","4":"has-post-thumbnail","6":"product_cat-naszyjniki","7":"product_tag-hematyt","8":"product_tag-naszyjnik","9":"product_tag-slonce","10":"product_tag-stal-nierdzewna","12":"first","13":"instock","14":"shipping-taxable","15":"purchasable","16":"product-type-simple"},"_links":{"self":[{"href":"https:\/\/sohya.art\/index.php\/wp-json\/wp\/v2\/product\/487","targetHints":{"allow":["GET"]}}],"collection":[{"href":"https:\/\/sohya.art\/index.php\/wp-json\/wp\/v2\/product"}],"about":[{"href":"https:\/\/sohya.art\/index.php\/wp-json\/wp\/v2\/types\/product"}],"replies":[{"embeddable":true,"href":"https:\/\/sohya.art\/index.php\/wp-json\/wp\/v2\/comments?post=487"}],"wp:featuredmedia":[{"embeddable":true,"href":"https:\/\/sohya.art\/index.php\/wp-json\/wp\/v2\/media\/488"}],"wp:attachment":[{"href":"https:\/\/sohya.art\/index.php\/wp-json\/wp\/v2\/media?parent=487"}],"wp:term":[{"taxonomy":"product_brand","embeddable":true,"href":"https:\/\/sohya.art\/index.php\/wp-json\/wp\/v2\/product_brand?post=487"},{"taxonomy":"product_cat","embeddable":true,"href":"https:\/\/sohya.art\/index.php\/wp-json\/wp\/v2\/product_cat?post=487"},{"taxonomy":"product_tag","embeddable":true,"href":"https:\/\/sohya.art\/index.php\/wp-json\/wp\/v2\/product_tag?post=487"}],"curies":[{"name":"wp","href":"https:\/\/api.w.org\/{rel}","templated":true}]}}