{"id":431,"date":"2026-01-20T14:37:31","date_gmt":"2026-01-20T13:37:31","guid":{"rendered":"https:\/\/sohya.art\/?post_type=product&#038;p=431"},"modified":"2026-01-31T20:02:15","modified_gmt":"2026-01-31T19:02:15","slug":"bransoletka-wodnik","status":"publish","type":"product","link":"https:\/\/sohya.art\/index.php\/produkt\/bransoletka-wodnik\/","title":{"rendered":"WODNIK"},"content":{"rendered":"","protected":false},"excerpt":{"rendered":"<p>Bransoletka podw\u00f3jna na \u017cy\u0142ce z zapi\u0119ciem<br \/>\nspersonalizowana dla znaku zodiaku wodnik &#x2652;<br \/>\nD\u0142ugo\u015b\u0107: 16,5cm<br \/>\nDla Wodnika &#x2652; idealne s\u0105 kamienie &#x1f48e;<br \/>\n&#x1fa77;ametyst wspiera spok\u00f3j i duchowo\u015b\u0107<br \/>\n&#x1f49a; labradoryt rozwija intuicje i kreatywno\u015b\u0107<br \/>\n&#x1fa75;turkus wspiera kreatywno\u015b\u0107 oraz znalezienie w\u0142a\u015bnie drogi \u017cyciowej<br \/>\n&#x1f499;amazonit wzmacnia intuicj\u0119 kamie\u0144 prawdy i odwagi<\/p>\n","protected":false},"featured_media":434,"comment_status":"closed","ping_status":"closed","template":"","meta":[],"product_brand":[],"product_cat":[23,26],"product_tag":[55,43,41,42,54,44],"class_list":{"0":"post-431","1":"product","2":"type-product","3":"status-publish","4":"has-post-thumbnail","6":"product_cat-bransoletki","7":"product_cat-podwojne","8":"product_tag-amaznonit","9":"product_tag-ametyst","10":"product_tag-bransoletka","11":"product_tag-kamienie-naturalne","12":"product_tag-labradoryt","13":"product_tag-wodnik","15":"first","16":"instock","17":"shipping-taxable","18":"purchasable","19":"product-type-simple"},"_links":{"self":[{"href":"https:\/\/sohya.art\/index.php\/wp-json\/wp\/v2\/product\/431","targetHints":{"allow":["GET"]}}],"collection":[{"href":"https:\/\/sohya.art\/index.php\/wp-json\/wp\/v2\/product"}],"about":[{"href":"https:\/\/sohya.art\/index.php\/wp-json\/wp\/v2\/types\/product"}],"replies":[{"embeddable":true,"href":"https:\/\/sohya.art\/index.php\/wp-json\/wp\/v2\/comments?post=431"}],"wp:featuredmedia":[{"embeddable":true,"href":"https:\/\/sohya.art\/index.php\/wp-json\/wp\/v2\/media\/434"}],"wp:attachment":[{"href":"https:\/\/sohya.art\/index.php\/wp-json\/wp\/v2\/media?parent=431"}],"wp:term":[{"taxonomy":"product_brand","embeddable":true,"href":"https:\/\/sohya.art\/index.php\/wp-json\/wp\/v2\/product_brand?post=431"},{"taxonomy":"product_cat","embeddable":true,"href":"https:\/\/sohya.art\/index.php\/wp-json\/wp\/v2\/product_cat?post=431"},{"taxonomy":"product_tag","embeddable":true,"href":"https:\/\/sohya.art\/index.php\/wp-json\/wp\/v2\/product_tag?post=431"}],"curies":[{"name":"wp","href":"https:\/\/api.w.org\/{rel}","templated":true}]}}