{"id":849,"date":"2026-02-18T19:57:26","date_gmt":"2026-02-18T18:57:26","guid":{"rendered":"https:\/\/sohya.art\/?page_id=849"},"modified":"2026-03-04T16:58:09","modified_gmt":"2026-03-04T15:58:09","slug":"regulamin-sklepu","status":"publish","type":"page","link":"https:\/\/sohya.art\/index.php\/regulamin-sklepu\/","title":{"rendered":"Regulamin sklepu"},"content":{"rendered":"<p data-start=\"354\" data-end=\"420\">Sklep internetowy: <strong data-start=\"373\" data-end=\"391\">Sohya.art<\/strong><br data-start=\"391\" data-end=\"394\" \/>Obowi\u0105zuje od dnia: 12.02.2026<\/p>\n<hr data-start=\"422\" data-end=\"425\" \/>\n<h2 data-start=\"427\" data-end=\"449\">\u00a71. Dane Sprzedawcy<\/h2>\n<ol data-start=\"451\" data-end=\"864\">\n<li data-start=\"451\" data-end=\"771\">\n<p data-start=\"454\" data-end=\"771\">Sklep internetowy prowadzony jest przez:<br data-start=\"494\" data-end=\"497\" \/><strong data-start=\"622\" data-end=\"657\">Sonia Nowak \/ Groomerland Sp. z o. o.<\/strong><br data-start=\"523\" data-end=\"526\" \/>Adres siedziby: Z\u0142ota 1, 41-203 Sosnowiec<br data-start=\"701\" data-end=\"704\" \/>NIP: 6443553853<br data-start=\"719\" data-end=\"722\" \/>REGON: 385847614<\/p>\n<\/li>\n<li data-start=\"773\" data-end=\"864\">\n<p data-start=\"776\" data-end=\"864\">Dane kontaktowe Sprzedawcy:<br data-start=\"803\" data-end=\"806\" \/>Telefon: +48797366740<br data-start=\"834\" data-end=\"837\" \/>E-mail: art.sohya@gmail.com<\/p>\n<\/li>\n<\/ol>\n<hr data-start=\"866\" data-end=\"869\" \/>\n<h2 data-start=\"871\" data-end=\"898\">\u00a72. Postanowienia og\u00f3lne<\/h2>\n<ol data-start=\"900\" data-end=\"1237\">\n<li data-start=\"900\" data-end=\"1069\">\n<p data-start=\"903\" data-end=\"1069\">Regulamin okre\u015bla zasady korzystania ze sklepu internetowego, sk\u0142adania zam\u00f3wie\u0144, zawierania um\u00f3w sprzeda\u017cy, p\u0142atno\u015bci, dostawy, odst\u0105pienia od umowy oraz reklamacji.<\/p>\n<\/li>\n<li data-start=\"1070\" data-end=\"1156\">\n<p data-start=\"1073\" data-end=\"1156\">Klient zobowi\u0105zany jest do zapoznania si\u0119 z Regulaminem przed z\u0142o\u017ceniem zam\u00f3wienia.<\/p>\n<\/li>\n<li data-start=\"1157\" data-end=\"1237\">\n<p data-start=\"1160\" data-end=\"1237\">Akceptacja Regulaminu jest dobrowolna, lecz konieczna do z\u0142o\u017cenia zam\u00f3wienia.<\/p>\n<\/li>\n<\/ol>\n<hr data-start=\"1239\" data-end=\"1242\" \/>\n<h2 data-start=\"1244\" data-end=\"1274\">\u00a73. Informacje o produktach<\/h2>\n<p data-start=\"1276\" data-end=\"1317\">Ka\u017cdy produkt dost\u0119pny w sklepie zawiera:<\/p>\n<ul data-start=\"1319\" data-end=\"1559\">\n<li data-start=\"1319\" data-end=\"1341\">\n<p data-start=\"1321\" data-end=\"1341\">nazw\u0119 towaru\/us\u0142ugi,<\/p>\n<\/li>\n<li data-start=\"1342\" data-end=\"1374\">\n<p data-start=\"1344\" data-end=\"1374\">opis g\u0142\u00f3wnych cech u\u017cytkowych,<\/p>\n<\/li>\n<li data-start=\"1454\" data-end=\"1539\">\n<p data-start=\"1456\" data-end=\"1539\">cen\u0119 wraz z walut\u0105 (PLN) oraz informacj\u0119, czy cena zawiera wszystkie podatki (VAT),<\/p>\n<\/li>\n<li data-start=\"1540\" data-end=\"1559\">\n<p data-start=\"1542\" data-end=\"1559\">zdj\u0119cie produktu.<\/p>\n<\/li>\n<\/ul>\n<hr data-start=\"1892\" data-end=\"1895\" \/>\n<h2 data-start=\"1897\" data-end=\"1927\">\u00a74. Ceny i metody p\u0142atno\u015bci<\/h2>\n<ol data-start=\"1929\" data-end=\"2102\">\n<li data-start=\"1929\" data-end=\"2005\">\n<p data-start=\"1932\" data-end=\"2005\">Wszystkie ceny podane w sklepie s\u0105 cenami brutto (zawieraj\u0105 podatek VAT).<\/p>\n<\/li>\n<li data-start=\"2006\" data-end=\"2073\">\n<p data-start=\"2009\" data-end=\"2073\">Podmiotem \u015bwiadcz\u0105cym obs\u0142ug\u0119 p\u0142atno\u015bci online jest Autopay S.A.<\/p>\n<\/li>\n<li data-start=\"2074\" data-end=\"2102\">\n<p data-start=\"2077\" data-end=\"2102\">Dost\u0119pne formy p\u0142atno\u015bci:<\/p>\n<\/li>\n<\/ol>\n<p data-start=\"2104\" data-end=\"2124\"><strong data-start=\"2104\" data-end=\"2124\">Karty p\u0142atnicze:<\/strong><\/p>\n<ul data-start=\"2125\" data-end=\"2204\">\n<li data-start=\"2125\" data-end=\"2133\">\n<p data-start=\"2127\" data-end=\"2133\">Visa<\/p>\n<\/li>\n<li data-start=\"2134\" data-end=\"2151\">\n<p data-start=\"2136\" data-end=\"2151\">Visa Electron<\/p>\n<\/li>\n<li data-start=\"2152\" data-end=\"2166\">\n<p data-start=\"2154\" data-end=\"2166\">Mastercard<\/p>\n<\/li>\n<li data-start=\"2167\" data-end=\"2192\">\n<p data-start=\"2169\" data-end=\"2192\">MasterCard Electronic<\/p>\n<\/li>\n<li data-start=\"2193\" data-end=\"2204\">\n<p data-start=\"2195\" data-end=\"2204\">Maestro<\/p>\n<\/li>\n<li data-start=\"2193\" data-end=\"2204\">Blik<\/li>\n<\/ul>\n<p><img loading=\"lazy\" decoding=\"async\" class=\"alignnone size-full wp-image-884\" src=\"https:\/\/sohya.art\/wp-content\/uploads\/2026\/03\/300x150-a-pay.png\" alt=\"\" width=\"300\" height=\"150\" srcset=\"https:\/\/sohya.art\/wp-content\/uploads\/2026\/03\/300x150-a-pay.png 300w, https:\/\/sohya.art\/wp-content\/uploads\/2026\/03\/300x150-a-pay-80x40.png 80w\" sizes=\"auto, (max-width: 300px) 100vw, 300px\" \/><\/p>\n<ol start=\"4\" data-start=\"2206\" data-end=\"2667\">\n<li data-start=\"2206\" data-end=\"2395\">\n<p data-start=\"2209\" data-end=\"2395\">W przypadku wyst\u0105pienia konieczno\u015bci zwrotu \u015brodk\u00f3w za transakcj\u0119 dokonan\u0105 kart\u0105 p\u0142atnicz\u0105, Sprzedawca dokonuje zwrotu na rachunek bankowy przypisany do karty p\u0142atniczej Zamawiaj\u0105cego.<\/p>\n<\/li>\n<li data-start=\"2397\" data-end=\"2568\">\n<p data-start=\"2400\" data-end=\"2568\">Sprzedawca dokonuje zwrotu p\u0142atno\u015bci przy u\u017cyciu takiego samego sposobu p\u0142atno\u015bci, jakiego u\u017cy\u0142 konsument, chyba \u017ce konsument wyra\u017anie zgodzi si\u0119 na inny spos\u00f3b zwrotu.<\/p>\n<\/li>\n<li data-start=\"2570\" data-end=\"2667\">\n<p data-start=\"2573\" data-end=\"2667\">Czas realizacji zam\u00f3wienia liczony jest od momentu uzyskania pozytywnej autoryzacji p\u0142atno\u015bci.<\/p>\n<\/li>\n<\/ol>\n<hr data-start=\"2669\" data-end=\"2672\" \/>\n<h2 data-start=\"2674\" data-end=\"2700\">\u00a75. Realizacja zam\u00f3wie\u0144<\/h2>\n<ol data-start=\"2702\" data-end=\"3022\">\n<li data-start=\"2702\" data-end=\"2765\">\n<p data-start=\"2705\" data-end=\"2765\">Zam\u00f3wienia przyjmowane s\u0105 poprzez stron\u0119 internetow\u0105 sklepu.<\/p>\n<\/li>\n<li data-start=\"2766\" data-end=\"2865\">\n<p data-start=\"2769\" data-end=\"2865\">Warunkiem realizacji zam\u00f3wienia jest poprawne wype\u0142nienie formularza oraz akceptacja Regulaminu.<\/p>\n<\/li>\n<li data-start=\"2866\" data-end=\"2966\">\n<p data-start=\"2869\" data-end=\"2966\">Z\u0142o\u017cenie zam\u00f3wienia jest r\u00f3wnoznaczne z akceptacj\u0105 naszego Regulaminu.<\/p>\n<\/li>\n<li data-start=\"2967\" data-end=\"3022\">\n<p data-start=\"2970\" data-end=\"3022\">Czas realizacji zam\u00f3wienia:\u00a0 1\u20137 dni roboczych.<\/p>\n<\/li>\n<\/ol>\n<hr data-start=\"3024\" data-end=\"3027\" \/>\n<h2 data-start=\"3029\" data-end=\"3043\">\u00a76. Dostawa<\/h2>\n<ol data-start=\"3045\" data-end=\"3310\">\n<li data-start=\"3045\" data-end=\"3136\">\n<p data-start=\"3048\" data-end=\"3072\">Dost\u0119pne metody dostawy:<\/p>\n<ul data-start=\"3076\" data-end=\"3136\">\n<li data-start=\"3076\" data-end=\"3084\">\n<p data-start=\"3078\" data-end=\"3084\">Kurier (InPost)<\/p>\n<\/li>\n<li data-start=\"3088\" data-end=\"3099\">\n<p data-start=\"3090\" data-end=\"3099\">Paczkomat (InPost)<\/p>\n<\/li>\n<li data-start=\"3103\" data-end=\"3136\">\n<p data-start=\"3105\" data-end=\"3136\">Odbi\u00f3r osobisty<\/p>\n<\/li>\n<\/ul>\n<\/li>\n<li data-start=\"3138\" data-end=\"3199\">\n<p data-start=\"3141\" data-end=\"3199\">Koszty dostawy podawane s\u0105 w trakcie sk\u0142adania zam\u00f3wienia.<\/p>\n<\/li>\n<li data-start=\"3200\" data-end=\"3310\">\n<p data-start=\"3203\" data-end=\"3310\">Informacja o ewentualnych ograniczeniach eksportowych:<br data-start=\"3257\" data-end=\"3260\" \/>[np. brak wysy\u0142ki poza UE \/ ograniczenia celne]<\/p>\n<\/li>\n<\/ol>\n<hr data-start=\"3312\" data-end=\"3315\" \/>\n<h2 data-start=\"3317\" data-end=\"3350\">\u00a77. Prawo odst\u0105pienia od umowy<\/h2>\n<ol data-start=\"3352\" data-end=\"3682\">\n<li data-start=\"3352\" data-end=\"3467\">\n<p data-start=\"3355\" data-end=\"3467\">Konsument, kt\u00f3ry zawar\u0142 umow\u0119 na odleg\u0142o\u015b\u0107, ma prawo odst\u0105pi\u0107 od niej bez podawania przyczyny w terminie 14 dni.<\/p>\n<\/li>\n<li data-start=\"3468\" data-end=\"3524\">\n<p data-start=\"3471\" data-end=\"3524\">Termin 14 dni liczony jest od dnia otrzymania towaru.<\/p>\n<\/li>\n<li data-start=\"3525\" data-end=\"3606\">\n<p data-start=\"3528\" data-end=\"3606\">W celu odst\u0105pienia od umowy nale\u017cy z\u0142o\u017cy\u0107 o\u015bwiadczenie (mailowo lub pisemnie).<\/p>\n<\/li>\n<li data-start=\"3607\" data-end=\"3682\">\n<p data-start=\"3610\" data-end=\"3682\">Zwrot p\u0142atno\u015bci nast\u0105pi w terminie do 14 dni od otrzymania o\u015bwiadczenia.<\/p>\n<\/li>\n<\/ol>\n<hr data-start=\"3684\" data-end=\"3687\" \/>\n<h2 data-start=\"3689\" data-end=\"3717\">\u00a78. Reklamacje i r\u0119kojmia<\/h2>\n<ol data-start=\"3719\" data-end=\"4138\">\n<li data-start=\"3719\" data-end=\"3816\">\n<p data-start=\"3722\" data-end=\"3816\">Sprzedawca odpowiada wobec Konsumenta z tytu\u0142u r\u0119kojmi zgodnie z przepisami Kodeksu cywilnego.<\/p>\n<\/li>\n<li data-start=\"3817\" data-end=\"3914\">\n<p data-start=\"3820\" data-end=\"3845\">Reklamacje mo\u017cna sk\u0142ada\u0107:<\/p>\n<ul data-start=\"3849\" data-end=\"3914\">\n<li data-start=\"3849\" data-end=\"3874\">\n<p data-start=\"3851\" data-end=\"3874\">mailowo: art.sohya@gmail.com<\/p>\n<\/li>\n<\/ul>\n<\/li>\n<li data-start=\"3916\" data-end=\"3996\">\n<p data-start=\"3919\" data-end=\"3947\">Reklamacja powinna zawiera\u0107:<\/p>\n<ul data-start=\"3951\" data-end=\"3996\">\n<li data-start=\"3951\" data-end=\"3966\">\n<p data-start=\"3953\" data-end=\"3966\">dane klienta,<\/p>\n<\/li>\n<li data-start=\"3970\" data-end=\"3982\">\n<p data-start=\"3972\" data-end=\"3982\">opis wady,<\/p>\n<\/li>\n<li data-start=\"3986\" data-end=\"3996\">\n<p data-start=\"3988\" data-end=\"3996\">\u017c\u0105danie.<\/p>\n<\/li>\n<\/ul>\n<\/li>\n<li data-start=\"3998\" data-end=\"4049\">\n<p data-start=\"4001\" data-end=\"4049\">Reklamacje rozpatrywane s\u0105 w terminie do 14 dni.<\/p>\n<\/li>\n<li data-start=\"4051\" data-end=\"4138\">\n<p data-start=\"4054\" data-end=\"4138\">W przypadku udzielenia gwarancji \u2013 jej warunki okre\u015bla karta gwarancyjna producenta.<\/p>\n<\/li>\n<\/ol>\n<hr data-start=\"4140\" data-end=\"4143\" \/>\n<h2 data-start=\"4145\" data-end=\"4183\">\u00a79. Ochrona danych osobowych (RODO)<\/h2>\n<ol data-start=\"4185\" data-end=\"4950\">\n<li data-start=\"4185\" data-end=\"4258\">\n<p data-start=\"4188\" data-end=\"4258\">Administratorem danych osobowych jest:<br data-start=\"4226\" data-end=\"4229\" \/>Groomerland Sp. z o. o.<br data-start=\"523\" data-end=\"526\" \/>Z\u0142ota 1, 41-203 Sosnowiec<\/p>\n<\/li>\n<li data-start=\"4260\" data-end=\"4413\">\n<p data-start=\"4263\" data-end=\"4299\">Dane osobowe przetwarzane s\u0105 w celu:<\/p>\n<ul data-start=\"4303\" data-end=\"4413\">\n<li data-start=\"4303\" data-end=\"4325\">\n<p data-start=\"4305\" data-end=\"4325\">realizacji zam\u00f3wie\u0144,<\/p>\n<\/li>\n<li data-start=\"4329\" data-end=\"4349\">\n<p data-start=\"4331\" data-end=\"4349\">obs\u0142ugi p\u0142atno\u015bci,<\/p>\n<\/li>\n<li data-start=\"4353\" data-end=\"4388\">\n<p data-start=\"4355\" data-end=\"4388\">realizacji obowi\u0105zk\u00f3w ksi\u0119gowych,<\/p>\n<\/li>\n<li data-start=\"4392\" data-end=\"4413\">\n<p data-start=\"4394\" data-end=\"4413\">obs\u0142ugi reklamacji.<\/p>\n<\/li>\n<\/ul>\n<\/li>\n<li data-start=\"4415\" data-end=\"4639\">\n<p data-start=\"4418\" data-end=\"4460\">Podstaw\u0105 prawn\u0105 przetwarzania danych jest:<\/p>\n<ul data-start=\"4464\" data-end=\"4639\">\n<li data-start=\"4464\" data-end=\"4511\">\n<p data-start=\"4466\" data-end=\"4511\">art. 6 ust. 1 lit. b RODO (realizacja umowy),<\/p>\n<\/li>\n<li data-start=\"4515\" data-end=\"4562\">\n<p data-start=\"4517\" data-end=\"4562\">art. 6 ust. 1 lit. c RODO (obowi\u0105zek prawny),<\/p>\n<\/li>\n<li data-start=\"4566\" data-end=\"4639\">\n<p data-start=\"4568\" data-end=\"4639\">art. 6 ust. 1 lit. f RODO (prawnie uzasadniony interes administratora).<\/p>\n<\/li>\n<\/ul>\n<\/li>\n<li data-start=\"4641\" data-end=\"4763\">\n<p data-start=\"4644\" data-end=\"4763\">Dane mog\u0105 by\u0107 przekazywane podmiotom przetwarzaj\u0105cym p\u0142atno\u015bci (Autopay S.A.), firmom kurierskim oraz biuru ksi\u0119gowemu.<\/p>\n<\/li>\n<li data-start=\"4765\" data-end=\"4950\">\n<p data-start=\"4768\" data-end=\"4787\">Klient ma prawo do:<\/p>\n<ul data-start=\"4791\" data-end=\"4950\">\n<li data-start=\"4791\" data-end=\"4811\">\n<p data-start=\"4793\" data-end=\"4811\">dost\u0119pu do danych,<\/p>\n<\/li>\n<li data-start=\"4815\" data-end=\"4834\">\n<p data-start=\"4817\" data-end=\"4834\">ich sprostowania,<\/p>\n<\/li>\n<li data-start=\"4838\" data-end=\"4850\">\n<p data-start=\"4840\" data-end=\"4850\">usuni\u0119cia,<\/p>\n<\/li>\n<li data-start=\"4854\" data-end=\"4883\">\n<p data-start=\"4856\" data-end=\"4883\">ograniczenia przetwarzania,<\/p>\n<\/li>\n<li data-start=\"4887\" data-end=\"4910\">\n<p data-start=\"4889\" data-end=\"4910\">wniesienia sprzeciwu,<\/p>\n<\/li>\n<li data-start=\"4914\" data-end=\"4950\">\n<p data-start=\"4916\" data-end=\"4950\">wniesienia skargi do Prezesa UODO.<\/p>\n<\/li>\n<\/ul>\n<\/li>\n<\/ol>\n<hr data-start=\"4952\" data-end=\"4955\" \/>\n<h2 data-start=\"4957\" data-end=\"4985\">\u00a710. Polityka prywatno\u015bci<\/h2>\n<p data-start=\"4987\" data-end=\"5146\">Szczeg\u00f3\u0142owe informacje dotycz\u0105ce przetwarzania danych osobowych oraz plik\u00f3w cookies znajduj\u0105 si\u0119 w zak\u0142adce \u201ePolityka prywatno\u015bci\u201d dost\u0119pnej na stronie sklepu.<\/p>\n<hr data-start=\"5148\" data-end=\"5151\" \/>\n<h2 data-start=\"5153\" data-end=\"5178\">\u00a711. Wymogi techniczne<\/h2>\n<ol data-start=\"5180\" data-end=\"5445\">\n<li data-start=\"5180\" data-end=\"5249\">\n<p data-start=\"5183\" data-end=\"5249\">Strona umo\u017cliwia swobodne poruszanie si\u0119 po wszystkich zak\u0142adkach.<\/p>\n<\/li>\n<li data-start=\"5250\" data-end=\"5322\">\n<p data-start=\"5253\" data-end=\"5322\">Strona jest aktywna i umo\u017cliwia z\u0142o\u017cenie zam\u00f3wienia (koszyk aktywny).<\/p>\n<\/li>\n<li data-start=\"5323\" data-end=\"5445\">\n<p data-start=\"5326\" data-end=\"5373\">Do prawid\u0142owego dzia\u0142ania sklepu wymagane jest:<\/p>\n<ul data-start=\"5377\" data-end=\"5445\">\n<li data-start=\"5377\" data-end=\"5414\">\n<p data-start=\"5379\" data-end=\"5414\">urz\u0105dzenie z dost\u0119pem do Internetu,<\/p>\n<\/li>\n<li data-start=\"5418\" data-end=\"5445\">\n<p data-start=\"5420\" data-end=\"5445\">przegl\u0105darka internetowa.<\/p>\n<\/li>\n<\/ul>\n<\/li>\n<\/ol>\n<hr data-start=\"5447\" data-end=\"5450\" \/>\n<h2 data-start=\"5452\" data-end=\"5481\">\u00a712. Postanowienia ko\u0144cowe<\/h2>\n<ol data-start=\"5483\" data-end=\"5762\">\n<li data-start=\"5483\" data-end=\"5541\">\n<p data-start=\"5486\" data-end=\"5541\">Regulamin jest dost\u0119pny na stronie internetowej sklepu.<\/p>\n<\/li>\n<li data-start=\"5542\" data-end=\"5640\">\n<p data-start=\"5545\" data-end=\"5640\">Sprzedawca nie wprowadzi zmian w zatwierdzonym Regulaminie podczas procesu weryfikacji Autopay.<\/p>\n<\/li>\n<li data-start=\"5641\" data-end=\"5702\">\n<p data-start=\"5644\" data-end=\"5702\">Strona internetowa pozostanie aktywna na czas weryfikacji.<\/p>\n<\/li>\n<li data-start=\"5703\" data-end=\"5762\">\n<p data-start=\"5706\" data-end=\"5762\">Koszyk nie b\u0119dzie wy\u0142\u0105czany podczas procesu weryfikacji.<\/p>\n<\/li>\n<\/ol>\n","protected":false},"excerpt":{"rendered":"<p>Sklep internetowy: Sohya.artObowi\u0105zuje od dnia: 12.02.2026 \u00a71. Dane Sprzedawcy Sklep internetowy prowadzony jest przez:Sonia Nowak \/ Groomerland Sp. z o. o.Adres siedziby: Z\u0142ota 1, 41-203 SosnowiecNIP: 6443553853REGON: 385847614 Dane kontaktowe [&hellip;]<\/p>\n","protected":false},"author":4,"featured_media":0,"parent":0,"menu_order":0,"comment_status":"closed","ping_status":"closed","template":"","meta":{"footnotes":""},"class_list":["post-849","page","type-page","status-publish","hentry"],"_links":{"self":[{"href":"https:\/\/sohya.art\/index.php\/wp-json\/wp\/v2\/pages\/849","targetHints":{"allow":["GET"]}}],"collection":[{"href":"https:\/\/sohya.art\/index.php\/wp-json\/wp\/v2\/pages"}],"about":[{"href":"https:\/\/sohya.art\/index.php\/wp-json\/wp\/v2\/types\/page"}],"author":[{"embeddable":true,"href":"https:\/\/sohya.art\/index.php\/wp-json\/wp\/v2\/users\/4"}],"replies":[{"embeddable":true,"href":"https:\/\/sohya.art\/index.php\/wp-json\/wp\/v2\/comments?post=849"}],"version-history":[{"count":11,"href":"https:\/\/sohya.art\/index.php\/wp-json\/wp\/v2\/pages\/849\/revisions"}],"predecessor-version":[{"id":885,"href":"https:\/\/sohya.art\/index.php\/wp-json\/wp\/v2\/pages\/849\/revisions\/885"}],"wp:attachment":[{"href":"https:\/\/sohya.art\/index.php\/wp-json\/wp\/v2\/media?parent=849"}],"curies":[{"name":"wp","href":"https:\/\/api.w.org\/{rel}","templated":true}]}}