{"id":3,"date":"2025-04-22T23:29:20","date_gmt":"2025-04-22T21:29:20","guid":{"rendered":"http:\/\/bezaiwp68.you2.pl\/?page_id=3"},"modified":"2026-03-10T11:03:37","modified_gmt":"2026-03-10T10:03:37","slug":"polityka-prywatnosci","status":"publish","type":"page","link":"https:\/\/sohya.art\/index.php\/polityka-prywatnosci\/","title":{"rendered":"Polityka prywatno\u015bci"},"content":{"rendered":"<p data-start=\"355\" data-end=\"390\">Polityka prywatno\u015bci sklepu internetowego Sohya.art<\/p>\n<h2 data-start=\"392\" data-end=\"416\">\u00a71. Informacje og\u00f3lne<\/h2>\n<ol data-start=\"418\" data-end=\"991\">\n<li data-start=\"418\" data-end=\"574\">\n<p data-start=\"421\" data-end=\"574\">Niniejsza Polityka Prywatno\u015bci okre\u015bla zasady przetwarzania danych osobowych przez sklep internetowy dzia\u0142aj\u0105cy pod adresem: sohya.art.<\/p>\n<\/li>\n<li data-start=\"575\" data-end=\"869\">\n<p data-start=\"578\" data-end=\"869\">Administratorem danych osobowych jest:<br data-start=\"616\" data-end=\"619\" \/><strong data-start=\"622\" data-end=\"657\">Sonia Nowak \/ Groomerland Sp. z o. o.<\/strong><br data-start=\"729\" data-end=\"732\" \/>adres siedziby: Z\u0142ota 1 41-203 Sosnowiec<br data-start=\"758\" data-end=\"761\" \/>NIP: 6443553853<br data-start=\"774\" data-end=\"777\" \/>REGON: 385847614<br data-start=\"810\" data-end=\"813\" \/>e-mail: art.sohya@gmail.com<br data-start=\"838\" data-end=\"841\" \/>telefon: +48797366740<\/p>\n<\/li>\n<li data-start=\"871\" data-end=\"991\">\n<p data-start=\"874\" data-end=\"991\">Administrator przetwarza dane osobowe zgodnie z Rozporz\u0105dzeniem Parlamentu Europejskiego i Rady (UE) 2016\/679 (RODO).<\/p>\n<\/li>\n<\/ol>\n<hr data-start=\"993\" data-end=\"996\" \/>\n<h2 data-start=\"998\" data-end=\"1029\">\u00a72. Zakres zbieranych danych<\/h2>\n<p data-start=\"1031\" data-end=\"1083\">Administrator mo\u017ce zbiera\u0107 nast\u0119puj\u0105ce dane osobowe:<\/p>\n<ul data-start=\"1085\" data-end=\"1267\">\n<li data-start=\"1085\" data-end=\"1102\">\n<p data-start=\"1087\" data-end=\"1102\">imi\u0119 i nazwisko<\/p>\n<\/li>\n<li data-start=\"1103\" data-end=\"1139\">\n<p data-start=\"1105\" data-end=\"1139\">adres zamieszkania \/ adres dostawy<\/p>\n<\/li>\n<li data-start=\"1140\" data-end=\"1154\">\n<p data-start=\"1142\" data-end=\"1154\">adres e-mail<\/p>\n<\/li>\n<li data-start=\"1155\" data-end=\"1171\">\n<p data-start=\"1157\" data-end=\"1171\">numer telefonu<\/p>\n<\/li>\n<li data-start=\"1172\" data-end=\"1217\">\n<p data-start=\"1174\" data-end=\"1217\">dane do faktury (w tym NIP \u2013 je\u015bli dotyczy)<\/p>\n<\/li>\n<li data-start=\"1218\" data-end=\"1228\">\n<p data-start=\"1220\" data-end=\"1228\">adres IP<\/p>\n<\/li>\n<li data-start=\"1229\" data-end=\"1267\">\n<p data-start=\"1231\" data-end=\"1267\">dane zawarte w korespondencji e-mail<\/p>\n<\/li>\n<\/ul>\n<p data-start=\"1269\" data-end=\"1354\">Podanie danych jest dobrowolne, lecz niezb\u0119dne do realizacji zam\u00f3wienia lub kontaktu.<\/p>\n<hr data-start=\"1356\" data-end=\"1359\" \/>\n<h2 data-start=\"1361\" data-end=\"1393\">\u00a73. Cele przetwarzania danych<\/h2>\n<p data-start=\"1395\" data-end=\"1431\">Dane osobowe przetwarzane s\u0105 w celu:<\/p>\n<ol data-start=\"1433\" data-end=\"1905\">\n<li data-start=\"1433\" data-end=\"1501\">\n<p data-start=\"1436\" data-end=\"1501\">realizacji zam\u00f3wie\u0144 i um\u00f3w sprzeda\u017cy (art. 6 ust. 1 lit. b RODO),<\/p>\n<\/li>\n<li data-start=\"1502\" data-end=\"1567\">\n<p data-start=\"1505\" data-end=\"1567\">prowadzenia konta klienta (je\u015bli sklep umo\u017cliwia rejestracj\u0119),<\/p>\n<\/li>\n<li data-start=\"1568\" data-end=\"1589\">\n<p data-start=\"1571\" data-end=\"1589\">obs\u0142ugi p\u0142atno\u015bci,<\/p>\n<\/li>\n<li data-start=\"1590\" data-end=\"1621\">\n<p data-start=\"1593\" data-end=\"1621\">realizacji wysy\u0142ki zam\u00f3wie\u0144,<\/p>\n<\/li>\n<li data-start=\"1622\" data-end=\"1660\">\n<p data-start=\"1625\" data-end=\"1660\">rozpatrywania reklamacji i zwrot\u00f3w,<\/p>\n<\/li>\n<li data-start=\"1661\" data-end=\"1735\">\n<p data-start=\"1664\" data-end=\"1735\">prowadzenia ksi\u0119gowo\u015bci (obowi\u0105zek prawny \u2013 art. 6 ust. 1 lit. c RODO),<\/p>\n<\/li>\n<li data-start=\"1736\" data-end=\"1818\">\n<p data-start=\"1739\" data-end=\"1818\">marketingu w\u0142asnych produkt\u00f3w (na podstawie zgody \u2013 art. 6 ust. 1 lit. a RODO),<\/p>\n<\/li>\n<li data-start=\"1819\" data-end=\"1905\">\n<p data-start=\"1822\" data-end=\"1905\">udzielania odpowiedzi na zapytania przes\u0142ane przez formularz kontaktowy lub e-mail.<\/p>\n<\/li>\n<\/ol>\n<hr data-start=\"1907\" data-end=\"1910\" \/>\n<h2 data-start=\"1912\" data-end=\"1934\">\u00a74. Odbiorcy danych<\/h2>\n<p data-start=\"1936\" data-end=\"2084\">Dane osobowe mog\u0105 by\u0107 przekazywane podmiotom wsp\u00f3\u0142pracuj\u0105cym z Administratorem wy\u0142\u0105cznie w zakresie niezb\u0119dnym do realizacji us\u0142ug, w szczeg\u00f3lno\u015bci:<\/p>\n<ul data-start=\"2086\" data-end=\"2364\">\n<li data-start=\"2086\" data-end=\"2105\">\n<p data-start=\"2088\" data-end=\"2105\">firmom ksi\u0119gowym,<\/p>\n<\/li>\n<li data-start=\"2106\" data-end=\"2191\">\n<p data-start=\"2108\" data-end=\"2191\">operatorom p\u0142atno\u015bci (Autopay S.A.),<\/p>\n<\/li>\n<li data-start=\"2192\" data-end=\"2279\">\n<p data-start=\"2194\" data-end=\"2279\">firmom kurierskim i pocztowym (InPost),<\/p>\n<\/li>\n<li data-start=\"2280\" data-end=\"2311\">\n<p data-start=\"2282\" data-end=\"2311\">dostawcom us\u0142ug hostingowych<\/p>\n<\/li>\n<\/ul>\n<p data-start=\"2366\" data-end=\"2447\">Podmioty te przetwarzaj\u0105 dane na podstawie um\u00f3w powierzenia przetwarzania danych.<\/p>\n<hr data-start=\"2449\" data-end=\"2452\" \/>\n<h2 data-start=\"2454\" data-end=\"2488\">\u00a75. Okres przechowywania danych<\/h2>\n<ol data-start=\"2490\" data-end=\"2817\">\n<li data-start=\"2490\" data-end=\"2622\">\n<p data-start=\"2493\" data-end=\"2622\">Dane zwi\u0105zane z realizacj\u0105 zam\u00f3wie\u0144 b\u0119d\u0105 przechowywane przez okres wymagany przepisami prawa (np. dokumentacja ksi\u0119gowa \u2013 5 lat).<\/p>\n<\/li>\n<li data-start=\"2623\" data-end=\"2724\">\n<p data-start=\"2626\" data-end=\"2724\">Dane przetwarzane na podstawie zgody (np. newsletter) b\u0119d\u0105 przechowywane do momentu jej cofni\u0119cia.<\/p>\n<\/li>\n<li data-start=\"2725\" data-end=\"2817\">\n<p data-start=\"2728\" data-end=\"2817\">Dane przetwarzane w celu marketingowym b\u0119d\u0105 przetwarzane do momentu wniesienia sprzeciwu.<\/p>\n<\/li>\n<\/ol>\n<hr data-start=\"2819\" data-end=\"2822\" \/>\n<h2 data-start=\"2824\" data-end=\"2863\">\u00a76. Prawa osoby, kt\u00f3rej dane dotycz\u0105<\/h2>\n<p data-start=\"2865\" data-end=\"2915\">Osobie, kt\u00f3rej dane dotycz\u0105, przys\u0142uguje prawo do:<\/p>\n<ul data-start=\"2917\" data-end=\"3285\">\n<li data-start=\"2917\" data-end=\"2944\">\n<p data-start=\"2919\" data-end=\"2944\">dost\u0119pu do swoich danych,<\/p>\n<\/li>\n<li data-start=\"2945\" data-end=\"2981\">\n<p data-start=\"2947\" data-end=\"2981\">sprostowania (poprawienia) danych,<\/p>\n<\/li>\n<li data-start=\"2982\" data-end=\"3032\">\n<p data-start=\"2984\" data-end=\"3032\">usuni\u0119cia danych (\u201eprawo do bycia zapomnianym\u201d),<\/p>\n<\/li>\n<li data-start=\"3033\" data-end=\"3062\">\n<p data-start=\"3035\" data-end=\"3062\">ograniczenia przetwarzania,<\/p>\n<\/li>\n<li data-start=\"3063\" data-end=\"3085\">\n<p data-start=\"3065\" data-end=\"3085\">przenoszenia danych,<\/p>\n<\/li>\n<li data-start=\"3086\" data-end=\"3129\">\n<p data-start=\"3088\" data-end=\"3129\">wniesienia sprzeciwu wobec przetwarzania,<\/p>\n<\/li>\n<li data-start=\"3130\" data-end=\"3221\">\n<p data-start=\"3132\" data-end=\"3221\">cofni\u0119cia zgody w dowolnym momencie (je\u017celi przetwarzanie odbywa si\u0119 na podstawie zgody),<\/p>\n<\/li>\n<li data-start=\"3222\" data-end=\"3285\">\n<p data-start=\"3224\" data-end=\"3285\">wniesienia skargi do Prezesa Urz\u0119du Ochrony Danych Osobowych.<\/p>\n<\/li>\n<\/ul>\n<p data-start=\"3287\" data-end=\"3387\">W celu realizacji swoich praw nale\u017cy skontaktowa\u0107 si\u0119 z Administratorem pod adresem: art.sohya@gmail.com<\/p>\n<hr data-start=\"3389\" data-end=\"3392\" \/>\n<h2 data-start=\"3394\" data-end=\"3414\">\u00a77. Pliki cookies<\/h2>\n<ol data-start=\"3416\" data-end=\"3973\">\n<li data-start=\"3416\" data-end=\"3451\">\n<p data-start=\"3419\" data-end=\"3451\">Sklep korzysta z plik\u00f3w cookies.<\/p>\n<\/li>\n<li data-start=\"3452\" data-end=\"3529\">\n<p data-start=\"3455\" data-end=\"3529\">Cookies to niewielkie pliki tekstowe zapisywane na urz\u0105dzeniu u\u017cytkownika.<\/p>\n<\/li>\n<li data-start=\"3530\" data-end=\"3780\">\n<p data-start=\"3533\" data-end=\"3566\">Cookies wykorzystywane s\u0105 w celu:<\/p>\n<ul data-start=\"3570\" data-end=\"3780\">\n<li data-start=\"3570\" data-end=\"3614\">\n<p data-start=\"3572\" data-end=\"3614\">zapewnienia prawid\u0142owego dzia\u0142ania strony,<\/p>\n<\/li>\n<li data-start=\"3618\" data-end=\"3647\">\n<p data-start=\"3620\" data-end=\"3647\">obs\u0142ugi koszyka zakupowego,<\/p>\n<\/li>\n<li data-start=\"3651\" data-end=\"3714\">\n<p data-start=\"3653\" data-end=\"3714\">prowadzenia statystyk (np. Google Analytics),<\/p>\n<\/li>\n<li data-start=\"3718\" data-end=\"3780\">\n<p data-start=\"3720\" data-end=\"3780\">dzia\u0142a\u0144 marketingowych (np. Facebook, Instagram).<\/p>\n<\/li>\n<\/ul>\n<\/li>\n<li data-start=\"3782\" data-end=\"3889\">\n<p data-start=\"3785\" data-end=\"3889\">U\u017cytkownik mo\u017ce w ka\u017cdej chwili zmieni\u0107 ustawienia dotycz\u0105ce cookies w swojej przegl\u0105darce internetowej.<\/p>\n<\/li>\n<li data-start=\"3890\" data-end=\"3973\">\n<p data-start=\"3893\" data-end=\"3973\">Ograniczenie stosowania cookies mo\u017ce wp\u0142yn\u0105\u0107 na niekt\u00f3re funkcjonalno\u015bci sklepu.<\/p>\n<\/li>\n<\/ol>\n<hr data-start=\"3975\" data-end=\"3978\" \/>\n<h2 data-start=\"3980\" data-end=\"4008\">\u00a78. Zabezpieczenia danych<\/h2>\n<p data-start=\"4010\" data-end=\"4148\">Administrator stosuje odpowiednie \u015brodki techniczne i organizacyjne zapewniaj\u0105ce ochron\u0119 przetwarzanych danych osobowych, w szczeg\u00f3lno\u015bci:<\/p>\n<ul data-start=\"4150\" data-end=\"4246\">\n<li data-start=\"4150\" data-end=\"4167\">\n<p data-start=\"4152\" data-end=\"4167\">certyfikat SSL,<\/p>\n<\/li>\n<li data-start=\"4168\" data-end=\"4193\">\n<p data-start=\"4170\" data-end=\"4193\">zabezpieczenie serwera,<\/p>\n<\/li>\n<li data-start=\"4194\" data-end=\"4246\">\n<p data-start=\"4196\" data-end=\"4246\">dost\u0119p do danych wy\u0142\u0105cznie dla os\u00f3b upowa\u017cnionych.<\/p>\n<\/li>\n<\/ul>\n<hr data-start=\"4248\" data-end=\"4251\" \/>\n<h2 data-start=\"4253\" data-end=\"4287\">\u00a79. Zmiany Polityki Prywatno\u015bci<\/h2>\n<p data-start=\"4289\" data-end=\"4460\">Administrator zastrzega sobie prawo do wprowadzania zmian w niniejszej Polityce Prywatno\u015bci. Aktualna wersja dokumentu jest zawsze dost\u0119pna na stronie internetowej sklepu.<\/p>\n<hr data-start=\"4462\" data-end=\"4465\" \/>\n<p data-start=\"4467\" data-end=\"4502\">Data ostatniej aktualizacji: 12.02.2026<\/p>\n","protected":false},"excerpt":{"rendered":"<p>Polityka prywatno\u015bci sklepu internetowego Sohya.art \u00a71. Informacje og\u00f3lne Niniejsza Polityka Prywatno\u015bci okre\u015bla zasady przetwarzania danych osobowych przez sklep internetowy dzia\u0142aj\u0105cy pod adresem: sohya.art. Administratorem danych osobowych jest:Sonia Nowak \/ Groomerland [&hellip;]<\/p>\n","protected":false},"author":4,"featured_media":0,"parent":0,"menu_order":0,"comment_status":"closed","ping_status":"closed","template":"","meta":{"footnotes":""},"class_list":["post-3","page","type-page","status-publish","hentry"],"_links":{"self":[{"href":"https:\/\/sohya.art\/index.php\/wp-json\/wp\/v2\/pages\/3","targetHints":{"allow":["GET"]}}],"collection":[{"href":"https:\/\/sohya.art\/index.php\/wp-json\/wp\/v2\/pages"}],"about":[{"href":"https:\/\/sohya.art\/index.php\/wp-json\/wp\/v2\/types\/page"}],"author":[{"embeddable":true,"href":"https:\/\/sohya.art\/index.php\/wp-json\/wp\/v2\/users\/4"}],"replies":[{"embeddable":true,"href":"https:\/\/sohya.art\/index.php\/wp-json\/wp\/v2\/comments?post=3"}],"version-history":[{"count":10,"href":"https:\/\/sohya.art\/index.php\/wp-json\/wp\/v2\/pages\/3\/revisions"}],"predecessor-version":[{"id":888,"href":"https:\/\/sohya.art\/index.php\/wp-json\/wp\/v2\/pages\/3\/revisions\/888"}],"wp:attachment":[{"href":"https:\/\/sohya.art\/index.php\/wp-json\/wp\/v2\/media?parent=3"}],"curies":[{"name":"wp","href":"https:\/\/api.w.org\/{rel}","templated":true}]}}